{"id":56,"date":"2025-03-11T19:02:36","date_gmt":"2025-03-11T16:02:36","guid":{"rendered":"https:\/\/koptikapi.lv\/?page_id=56"},"modified":"2026-03-13T16:34:42","modified_gmt":"2026-03-13T13:34:42","slug":"blogs","status":"publish","type":"page","link":"https:\/\/koptikapi.lv\/ru\/blogs\/","title":{"rendered":"\u0411\u043b\u043e\u0433"},"content":{"rendered":"<div data-elementor-type=\"wp-page\" data-elementor-id=\"56\" class=\"elementor elementor-56\" data-elementor-post-type=\"page\">\n\t\t\t\t<div class=\"elementor-element elementor-element-6642fb1 e-flex e-con-boxed e-con e-parent\" data-id=\"6642fb1\" data-element_type=\"container\" data-e-type=\"container\" data-settings=\"{&quot;background_background&quot;:&quot;classic&quot;}\">\n\t\t\t\t\t<div class=\"e-con-inner\">\n\t\t\t\t\t<\/div>\n\t\t\t\t<\/div>\n\t\t<div class=\"elementor-element elementor-element-05363c9 e-flex e-con-boxed e-con e-parent\" data-id=\"05363c9\" data-element_type=\"container\" data-e-type=\"container\">\n\t\t\t\t\t<div class=\"e-con-inner\">\n\t\t\t\t<div class=\"elementor-element elementor-element-6825739 elementor-grid-3 elementor-grid-tablet-2 elementor-grid-mobile-1 elementor-posts--thumbnail-top elementor-card-shadow-yes elementor-posts__hover-gradient elementor-widget elementor-widget-posts\" data-id=\"6825739\" data-element_type=\"widget\" data-e-type=\"widget\" data-settings=\"{&quot;cards_columns&quot;:&quot;3&quot;,&quot;cards_columns_tablet&quot;:&quot;2&quot;,&quot;cards_columns_mobile&quot;:&quot;1&quot;,&quot;cards_row_gap&quot;:{&quot;unit&quot;:&quot;px&quot;,&quot;size&quot;:35,&quot;sizes&quot;:[]},&quot;cards_row_gap_laptop&quot;:{&quot;unit&quot;:&quot;px&quot;,&quot;size&quot;:&quot;&quot;,&quot;sizes&quot;:[]},&quot;cards_row_gap_tablet_extra&quot;:{&quot;unit&quot;:&quot;px&quot;,&quot;size&quot;:&quot;&quot;,&quot;sizes&quot;:[]},&quot;cards_row_gap_tablet&quot;:{&quot;unit&quot;:&quot;px&quot;,&quot;size&quot;:&quot;&quot;,&quot;sizes&quot;:[]},&quot;cards_row_gap_mobile&quot;:{&quot;unit&quot;:&quot;px&quot;,&quot;size&quot;:&quot;&quot;,&quot;sizes&quot;:[]}}\" data-widget_type=\"posts.cards\">\n\t\t\t\t<div class=\"elementor-widget-container\">\n\t\t\t\t\t\t\t<div class=\"elementor-posts-container elementor-posts elementor-posts--skin-cards elementor-grid\" role=\"list\">\n\t\t\t\t<article class=\"elementor-post elementor-grid-item post-2788 post type-post status-publish format-standard has-post-thumbnail hentry category-uncategorized\" role=\"listitem\">\n\t\t\t<div class=\"elementor-post__card\">\n\t\t\t\t<a class=\"elementor-post__thumbnail__link\" href=\"https:\/\/koptikapi.lv\/ru\/kapec-izveleties-koptikapi\/\" tabindex=\"-1\" ><div class=\"elementor-post__thumbnail\"><img fetchpriority=\"high\" decoding=\"async\" width=\"1179\" height=\"530\" src=\"https:\/\/koptikapi.lv\/wp-content\/uploads\/2026\/03\/vizualizacija.webp\" class=\"attachment-medium size-medium wp-image-2784\" alt=\"3D kapavietas labiek\u0101rto\u0161anas vizualiz\u0101cija\" srcset=\"https:\/\/koptikapi.lv\/wp-content\/uploads\/2026\/03\/vizualizacija.webp 1179w, https:\/\/koptikapi.lv\/wp-content\/uploads\/2026\/03\/vizualizacija-768x345.webp 768w, https:\/\/koptikapi.lv\/wp-content\/uploads\/2026\/03\/vizualizacija-18x8.webp 18w\" sizes=\"(max-width: 1179px) 100vw, 1179px\" \/><\/div><\/a>\n\t\t\t\t<div class=\"elementor-post__text\">\n\t\t\t\t<h3 class=\"elementor-post__title\">\n\t\t\t<a href=\"https:\/\/koptikapi.lv\/ru\/kapec-izveleties-koptikapi\/\" >\n\t\t\t\t\u041f\u043e\u0447\u0435\u043c\u0443 \u0432\u044b\u0431\u0440\u0430\u0442\u044c KoptiKapi\t\t\t<\/a>\n\t\t<\/h3>\n\t\t\t\t<div class=\"elementor-post__excerpt\">\n\t\t\t<p>\u0423\u0437\u043d\u0430\u0439\u0442\u0435 \u043e \u043d\u0430\u0448\u0438\u0445 \u0433\u043b\u0430\u0432\u043d\u044b\u0445 \u043f\u0440\u0435\u0438\u043c\u0443\u0449\u0435\u0441\u0442\u0432\u0430\u0445<\/p>\t\t<\/div>\n\t\t\t\t\t<div class=\"elementor-post__read-more-wrapper\">\n\t\t\n\t\t<a class=\"elementor-post__read-more\" href=\"https:\/\/koptikapi.lv\/ru\/kapec-izveleties-koptikapi\/\" aria-label=\"Read more about K\u0101p\u0113c izv\u0113l\u0113ties KoptiKapi\" tabindex=\"-1\" >\n\t\t\t\u0427\u0418\u0422\u0410\u0422\u042c \u0414\u0410\u041b\u0415\u0415 \u00bb\t\t<\/a>\n\n\t\t\t\t\t<\/div>\n\t\t\t\t<\/div>\n\t\t\t\t<div class=\"elementor-post__meta-data\">\n\t\t\t\t\t<span class=\"elementor-post-date\">\n\t\t\t04\/02\/2026\t\t<\/span>\n\t\t\t\t<\/div>\n\t\t\t\t\t<\/div>\n\t\t<\/article>\n\t\t\t\t<article class=\"elementor-post elementor-grid-item post-2801 post type-post status-publish format-standard has-post-thumbnail hentry category-uncategorized\" role=\"listitem\">\n\t\t\t<div class=\"elementor-post__card\">\n\t\t\t\t<a class=\"elementor-post__thumbnail__link\" href=\"https:\/\/koptikapi.lv\/ru\/kapavietas-atjaunosana-restauracija\/\" tabindex=\"-1\" ><div class=\"elementor-post__thumbnail\"><img decoding=\"async\" width=\"1170\" height=\"1315\" src=\"https:\/\/koptikapi.lv\/wp-content\/uploads\/2026\/03\/Piemineklis_pec.webp\" class=\"attachment-medium size-medium wp-image-2808\" alt=\"atjaunots kapu piemineklis p\u0113c pul\u0113\u0161anas un grav\u0113\u0161anas\" srcset=\"https:\/\/koptikapi.lv\/wp-content\/uploads\/2026\/03\/Piemineklis_pec.webp 1170w, https:\/\/koptikapi.lv\/wp-content\/uploads\/2026\/03\/Piemineklis_pec-768x863.webp 768w, https:\/\/koptikapi.lv\/wp-content\/uploads\/2026\/03\/Piemineklis_pec-11x12.webp 11w\" sizes=\"(max-width: 1170px) 100vw, 1170px\" \/><\/div><\/a>\n\t\t\t\t<div class=\"elementor-post__text\">\n\t\t\t\t<h3 class=\"elementor-post__title\">\n\t\t\t<a href=\"https:\/\/koptikapi.lv\/ru\/kapavietas-atjaunosana-restauracija\/\" >\n\t\t\t\t\u041d\u0435 \u0441\u043f\u0435\u0448\u0438\u0442\u0435 \u043c\u0435\u043d\u044f\u0442\u044c\t\t\t<\/a>\n\t\t<\/h3>\n\t\t\t\t<div class=\"elementor-post__excerpt\">\n\t\t\t<p>\u0423\u0437\u043d\u0430\u0439\u0442\u0435, \u043a\u0430\u043a \u043c\u043e\u0436\u043d\u043e \u0441\u043e\u0445\u0440\u0430\u043d\u0438\u0442\u044c \u0442\u043e, \u0447\u0442\u043e \u0432\u044b \u0441\u043e\u0431\u0438\u0440\u0430\u043b\u0438\u0441\u044c \u0438\u0437\u043c\u0435\u043d\u0438\u0442\u044c<\/p>\t\t<\/div>\n\t\t\t\t\t<div class=\"elementor-post__read-more-wrapper\">\n\t\t\n\t\t<a class=\"elementor-post__read-more\" href=\"https:\/\/koptikapi.lv\/ru\/kapavietas-atjaunosana-restauracija\/\" aria-label=\"Read more about Nesteidzies main\u012bt\" tabindex=\"-1\" >\n\t\t\t\u0427\u0418\u0422\u0410\u0422\u042c \u0414\u0410\u041b\u0415\u0415 \u00bb\t\t<\/a>\n\n\t\t\t\t\t<\/div>\n\t\t\t\t<\/div>\n\t\t\t\t<div class=\"elementor-post__meta-data\">\n\t\t\t\t\t<span class=\"elementor-post-date\">\n\t\t\t04\/01\/2026\t\t<\/span>\n\t\t\t\t<\/div>\n\t\t\t\t\t<\/div>\n\t\t<\/article>\n\t\t\t\t<article class=\"elementor-post elementor-grid-item post-2814 post type-post status-publish format-standard has-post-thumbnail hentry category-uncategorized\" role=\"listitem\">\n\t\t\t<div class=\"elementor-post__card\">\n\t\t\t\t<a class=\"elementor-post__thumbnail__link\" href=\"https:\/\/koptikapi.lv\/ru\/kapavietas-segums\/\" tabindex=\"-1\" ><div class=\"elementor-post__thumbnail\"><img decoding=\"async\" width=\"874\" height=\"1166\" src=\"https:\/\/koptikapi.lv\/wp-content\/uploads\/2026\/03\/Smiltis_compressed.webp\" class=\"attachment-medium size-medium wp-image-2819\" alt=\"kapavietas segums ar smilt\u012bm\" srcset=\"https:\/\/koptikapi.lv\/wp-content\/uploads\/2026\/03\/Smiltis_compressed.webp 874w, https:\/\/koptikapi.lv\/wp-content\/uploads\/2026\/03\/Smiltis_compressed-768x1025.webp 768w, https:\/\/koptikapi.lv\/wp-content\/uploads\/2026\/03\/Smiltis_compressed-9x12.webp 9w\" sizes=\"(max-width: 874px) 100vw, 874px\" \/><\/div><\/a>\n\t\t\t\t<div class=\"elementor-post__text\">\n\t\t\t\t<h3 class=\"elementor-post__title\">\n\t\t\t<a href=\"https:\/\/koptikapi.lv\/ru\/kapavietas-segums\/\" >\n\t\t\t\t\u041f\u043e\u043a\u0440\u044b\u0442\u0438\u0435\t\t\t<\/a>\n\t\t<\/h3>\n\t\t\t\t<div class=\"elementor-post__excerpt\">\n\t\t\t<p>\u041a\u0430\u043a\u043e\u0435 \u043f\u043e\u043a\u0440\u044b\u0442\u0438\u0435 \u0432\u044b\u0431\u0440\u0430\u0442\u044c \u0434\u043b\u044f \u043c\u0435\u0441\u0442\u0430 \u0437\u0430\u0445\u043e\u0440\u043e\u043d\u0435\u043d\u0438\u044f?<\/p>\t\t<\/div>\n\t\t\t\t\t<div class=\"elementor-post__read-more-wrapper\">\n\t\t\n\t\t<a class=\"elementor-post__read-more\" href=\"https:\/\/koptikapi.lv\/ru\/kapavietas-segums\/\" aria-label=\"Read more about Kapavietas segums \u2013 k\u0101 izv\u0113l\u0113ties piem\u0113rot\u0101ko risin\u0101jumu?\" tabindex=\"-1\" >\n\t\t\t\u0427\u0418\u0422\u0410\u0422\u042c \u0414\u0410\u041b\u0415\u0415 \u00bb\t\t<\/a>\n\n\t\t\t\t\t<\/div>\n\t\t\t\t<\/div>\n\t\t\t\t<div class=\"elementor-post__meta-data\">\n\t\t\t\t\t<span class=\"elementor-post-date\">\n\t\t\t04\/12\/2025\t\t<\/span>\n\t\t\t\t<\/div>\n\t\t\t\t\t<\/div>\n\t\t<\/article>\n\t\t\t\t<article class=\"elementor-post elementor-grid-item post-2826 post type-post status-publish format-standard has-post-thumbnail hentry category-uncategorized\" role=\"listitem\">\n\t\t\t<div class=\"elementor-post__card\">\n\t\t\t\t<a class=\"elementor-post__thumbnail__link\" href=\"https:\/\/koptikapi.lv\/ru\/kapavietas-uzkopsana\/\" tabindex=\"-1\" ><div class=\"elementor-post__thumbnail\"><img loading=\"lazy\" decoding=\"async\" width=\"918\" height=\"1224\" src=\"https:\/\/koptikapi.lv\/wp-content\/uploads\/2026\/03\/Skemba_compressed.webp\" class=\"attachment-medium size-medium wp-image-2820\" alt=\"kapavietas segums ar dekorat\u012bvo \u0161\u0137embu gran\u012bta apmal\u0113s\" srcset=\"https:\/\/koptikapi.lv\/wp-content\/uploads\/2026\/03\/Skemba_compressed.webp 918w, https:\/\/koptikapi.lv\/wp-content\/uploads\/2026\/03\/Skemba_compressed-768x1024.webp 768w, https:\/\/koptikapi.lv\/wp-content\/uploads\/2026\/03\/Skemba_compressed-9x12.webp 9w\" sizes=\"(max-width: 918px) 100vw, 918px\" \/><\/div><\/a>\n\t\t\t\t<div class=\"elementor-post__text\">\n\t\t\t\t<h3 class=\"elementor-post__title\">\n\t\t\t<a href=\"https:\/\/koptikapi.lv\/ru\/kapavietas-uzkopsana\/\" >\n\t\t\t\t\u0423\u0445\u043e\u0434\t\t\t<\/a>\n\t\t<\/h3>\n\t\t\t\t<div class=\"elementor-post__excerpt\">\n\t\t\t<p>\u0423\u0437\u043d\u0430\u0439\u0442\u0435, \u043a\u0430\u043a \u043c\u044b \u0440\u0435\u043a\u043e\u043c\u0435\u043d\u0434\u0443\u0435\u043c \u0440\u0435\u0448\u0430\u0442\u044c \u0432\u043e\u043f\u0440\u043e\u0441 \u0443\u0445\u043e\u0434\u0430<\/p>\t\t<\/div>\n\t\t\t\t\t<div class=\"elementor-post__read-more-wrapper\">\n\t\t\n\t\t<a class=\"elementor-post__read-more\" href=\"https:\/\/koptikapi.lv\/ru\/kapavietas-uzkopsana\/\" aria-label=\"Read more about Cik bie\u017ei j\u0101uzkopj kapavieta?\" tabindex=\"-1\" >\n\t\t\t\u0427\u0418\u0422\u0410\u0422\u042c \u0414\u0410\u041b\u0415\u0415 \u00bb\t\t<\/a>\n\n\t\t\t\t\t<\/div>\n\t\t\t\t<\/div>\n\t\t\t\t<div class=\"elementor-post__meta-data\">\n\t\t\t\t\t<span class=\"elementor-post-date\">\n\t\t\t04\/11\/2025\t\t<\/span>\n\t\t\t\t<\/div>\n\t\t\t\t\t<\/div>\n\t\t<\/article>\n\t\t\t\t<article class=\"elementor-post elementor-grid-item post-2471 post type-post status-publish format-standard has-post-thumbnail hentry category-uncategorized\" role=\"listitem\">\n\t\t\t<div class=\"elementor-post__card\">\n\t\t\t\t<a class=\"elementor-post__thumbnail__link\" href=\"https:\/\/koptikapi.lv\/ru\/musdieniga-kapu-labiekartosana\/\" tabindex=\"-1\" ><div class=\"elementor-post__thumbnail\"><img loading=\"lazy\" decoding=\"async\" width=\"898\" height=\"887\" src=\"https:\/\/koptikapi.lv\/wp-content\/uploads\/2026\/02\/grave_image_under_200kb.webp\" class=\"attachment-medium size-medium wp-image-2472\" alt=\"personaliz\u0113ts kapu piemineklis ar individu\u0101lu dizainu\" srcset=\"https:\/\/koptikapi.lv\/wp-content\/uploads\/2026\/02\/grave_image_under_200kb.webp 898w, https:\/\/koptikapi.lv\/wp-content\/uploads\/2026\/02\/grave_image_under_200kb-768x759.webp 768w, https:\/\/koptikapi.lv\/wp-content\/uploads\/2026\/02\/grave_image_under_200kb-12x12.webp 12w\" sizes=\"(max-width: 898px) 100vw, 898px\" \/><\/div><\/a>\n\t\t\t\t<div class=\"elementor-post__text\">\n\t\t\t\t<h3 class=\"elementor-post__title\">\n\t\t\t<a href=\"https:\/\/koptikapi.lv\/ru\/musdieniga-kapu-labiekartosana\/\" >\n\t\t\t\t6 \u0441\u043e\u0432\u0440\u0435\u043c\u0435\u043d\u043d\u044b\u0445 \u0440\u0435\u0448\u0435\u043d\u0438\u0439\t\t\t<\/a>\n\t\t<\/h3>\n\t\t\t\t<div class=\"elementor-post__excerpt\">\n\t\t\t<p>\u0423\u0437\u043d\u0430\u0439\u0442\u0435, \u043a\u0430\u043a\u0438\u0435 \u0441\u0435\u0439\u0447\u0430\u0441 \u0430\u043a\u0442\u0443\u0430\u043b\u044c\u043d\u044b \u0442\u0435\u043d\u0434\u0435\u043d\u0446\u0438\u0438 \u0432 \u0431\u043b\u0430\u0433\u043e\u0443\u0441\u0442\u0440\u043e\u0439\u0441\u0442\u0432\u0435 \u043c\u043e\u0433\u0438\u043b<\/p>\t\t<\/div>\n\t\t\t\t\t<div class=\"elementor-post__read-more-wrapper\">\n\t\t\n\t\t<a class=\"elementor-post__read-more\" href=\"https:\/\/koptikapi.lv\/ru\/musdieniga-kapu-labiekartosana\/\" aria-label=\"Read more about 6 m\u016bsdien\u012bgi kapu labiek\u0101rto\u0161anas risin\u0101jumi\" tabindex=\"-1\" >\n\t\t\t\u0427\u0418\u0422\u0410\u0422\u042c \u0414\u0410\u041b\u0415\u0415 \u00bb\t\t<\/a>\n\n\t\t\t\t\t<\/div>\n\t\t\t\t<\/div>\n\t\t\t\t<div class=\"elementor-post__meta-data\">\n\t\t\t\t\t<span class=\"elementor-post-date\">\n\t\t\t25\/10\/2025\t\t<\/span>\n\t\t\t\t<\/div>\n\t\t\t\t\t<\/div>\n\t\t<\/article>\n\t\t\t\t<article class=\"elementor-post elementor-grid-item post-1 post type-post status-publish format-standard has-post-thumbnail hentry category-uncategorized\" role=\"listitem\">\n\t\t\t<div class=\"elementor-post__card\">\n\t\t\t\t<a class=\"elementor-post__thumbnail__link\" href=\"https:\/\/koptikapi.lv\/ru\/kapavietas-ierikosana\/\" tabindex=\"-1\" ><div class=\"elementor-post__thumbnail\"><img loading=\"lazy\" decoding=\"async\" width=\"1200\" height=\"1200\" src=\"https:\/\/koptikapi.lv\/wp-content\/uploads\/2026\/03\/paraugs.webp\" class=\"attachment-medium size-medium wp-image-2782\" alt=\"kapavietas fotofiks\u0101cijas piem\u0113rs pirms labiek\u0101rto\u0161anas\" srcset=\"https:\/\/koptikapi.lv\/wp-content\/uploads\/2026\/03\/paraugs.webp 1200w, https:\/\/koptikapi.lv\/wp-content\/uploads\/2026\/03\/paraugs-768x768.webp 768w, https:\/\/koptikapi.lv\/wp-content\/uploads\/2026\/03\/paraugs-12x12.webp 12w\" sizes=\"(max-width: 1200px) 100vw, 1200px\" \/><\/div><\/a>\n\t\t\t\t<div class=\"elementor-post__text\">\n\t\t\t\t<h3 class=\"elementor-post__title\">\n\t\t\t<a href=\"https:\/\/koptikapi.lv\/ru\/kapavietas-ierikosana\/\" >\n\t\t\t\t\u041f\u043b\u0430\u043d \u043e\u0431\u0443\u0441\u0442\u0440\u043e\u0439\u0441\u0442\u0432\u0430\t\t\t<\/a>\n\t\t<\/h3>\n\t\t\t\t<div class=\"elementor-post__excerpt\">\n\t\t\t<p>\u0423\u0437\u043d\u0430\u0439\u0442\u0435, \u043a\u0430\u043a \u043f\u0440\u0430\u0432\u0438\u043b\u044c\u043d\u043e \u043f\u043b\u0430\u043d\u0438\u0440\u043e\u0432\u0430\u0442\u044c \u0431\u043b\u0430\u0433\u043e\u0443\u0441\u0442\u0440\u043e\u0439\u0441\u0442\u0432\u043e \u043c\u0435\u0441\u0442\u0430 \u0437\u0430\u0445\u043e\u0440\u043e\u043d\u0435\u043d\u0438\u044f<\/p>\t\t<\/div>\n\t\t\t\t\t<div class=\"elementor-post__read-more-wrapper\">\n\t\t\n\t\t<a class=\"elementor-post__read-more\" href=\"https:\/\/koptikapi.lv\/ru\/kapavietas-ierikosana\/\" aria-label=\"Read more about K\u0101 pareizi pl\u0101not kapavietas ier\u012bko\u0161anu?\" tabindex=\"-1\" >\n\t\t\t\u0427\u0418\u0422\u0410\u0422\u042c \u0414\u0410\u041b\u0415\u0415 \u00bb\t\t<\/a>\n\n\t\t\t\t\t<\/div>\n\t\t\t\t<\/div>\n\t\t\t\t<div class=\"elementor-post__meta-data\">\n\t\t\t\t\t<span class=\"elementor-post-date\">\n\t\t\t15\/09\/2025\t\t<\/span>\n\t\t\t\t<\/div>\n\t\t\t\t\t<\/div>\n\t\t<\/article>\n\t\t\t\t<\/div>\n\t\t\n\t\t\t\t\t\t<\/div>\n\t\t\t\t<\/div>\n\t\t\t\t\t<\/div>\n\t\t\t\t<\/div>\n\t\t\t\t<\/div>","protected":false},"excerpt":{"rendered":"","protected":false},"author":1,"featured_media":0,"parent":0,"menu_order":0,"comment_status":"closed","ping_status":"closed","template":"","meta":{"_acf_changed":false,"footnotes":""},"class_list":["post-56","page","type-page","status-publish","hentry"],"acf":[],"yoast_head":"<!-- This site is optimized with the Yoast SEO plugin v27.3 - https:\/\/yoast.com\/product\/yoast-seo-wordpress\/ -->\n<title>Blogs | Koptikapi.lv - kapu labiek\u0101rto\u0161ana R\u012bg\u0101.<\/title>\n<meta name=\"robots\" content=\"index, follow, max-snippet:-1, max-image-preview:large, max-video-preview:-1\" \/>\n<link rel=\"canonical\" href=\"https:\/\/koptikapi.lv\/ru\/blogs\/\" \/>\n<meta property=\"og:locale\" content=\"ru_RU\" \/>\n<meta property=\"og:type\" content=\"article\" \/>\n<meta property=\"og:title\" content=\"Blogs | Koptikapi.lv - kapu labiek\u0101rto\u0161ana R\u012bg\u0101.\" \/>\n<meta property=\"og:url\" content=\"https:\/\/koptikapi.lv\/ru\/blogs\/\" \/>\n<meta property=\"og:site_name\" content=\"koptikapi.lv\" \/>\n<meta property=\"article:publisher\" content=\"https:\/\/www.facebook.com\/koptikapi.lv\" \/>\n<meta property=\"article:modified_time\" content=\"2026-03-13T13:34:42+00:00\" \/>\n<meta name=\"twitter:card\" content=\"summary_large_image\" \/>\n<meta name=\"twitter:label1\" content=\"\u041f\u0440\u0438\u043c\u0435\u0440\u043d\u043e\u0435 \u0432\u0440\u0435\u043c\u044f \u0434\u043b\u044f \u0447\u0442\u0435\u043d\u0438\u044f\" \/>\n\t<meta name=\"twitter:data1\" content=\"2 \u043c\u0438\u043d\u0443\u0442\u044b\" \/>\n<!-- \/ Yoast SEO plugin. -->","yoast_head_json":{"title":"Blogs | Koptikapi.lv - kapu labiek\u0101rto\u0161ana R\u012bg\u0101.","robots":{"index":"index","follow":"follow","max-snippet":"max-snippet:-1","max-image-preview":"max-image-preview:large","max-video-preview":"max-video-preview:-1"},"canonical":"https:\/\/koptikapi.lv\/ru\/blogs\/","og_locale":"ru_RU","og_type":"article","og_title":"Blogs | Koptikapi.lv - kapu labiek\u0101rto\u0161ana R\u012bg\u0101.","og_url":"https:\/\/koptikapi.lv\/ru\/blogs\/","og_site_name":"koptikapi.lv","article_publisher":"https:\/\/www.facebook.com\/koptikapi.lv","article_modified_time":"2026-03-13T13:34:42+00:00","twitter_card":"summary_large_image","twitter_misc":{"\u041f\u0440\u0438\u043c\u0435\u0440\u043d\u043e\u0435 \u0432\u0440\u0435\u043c\u044f \u0434\u043b\u044f \u0447\u0442\u0435\u043d\u0438\u044f":"2 \u043c\u0438\u043d\u0443\u0442\u044b"},"schema":{"@context":"https:\/\/schema.org","@graph":[{"@type":"WebPage","@id":"https:\/\/koptikapi.lv\/blogs\/","url":"https:\/\/koptikapi.lv\/blogs\/","name":"Blogs | Koptikapi.lv - kapu labiek\u0101rto\u0161ana R\u012bg\u0101.","isPartOf":{"@id":"https:\/\/koptikapi.lv\/#website"},"datePublished":"2025-03-11T16:02:36+00:00","dateModified":"2026-03-13T13:34:42+00:00","breadcrumb":{"@id":"https:\/\/koptikapi.lv\/blogs\/#breadcrumb"},"inLanguage":"ru-RU","potentialAction":[{"@type":"ReadAction","target":["https:\/\/koptikapi.lv\/blogs\/"]}]},{"@type":"BreadcrumbList","@id":"https:\/\/koptikapi.lv\/blogs\/#breadcrumb","itemListElement":[{"@type":"ListItem","position":1,"name":"Home","item":"https:\/\/koptikapi.lv\/"},{"@type":"ListItem","position":2,"name":"Blogs"}]},{"@type":"WebSite","@id":"https:\/\/koptikapi.lv\/#website","url":"https:\/\/koptikapi.lv\/","name":"https:\/\/koptikapi.lv","description":"Koptikapi.lv - kapu labiek\u0101rto\u0161ana R\u012bg\u0101.","publisher":{"@id":"https:\/\/koptikapi.lv\/#organization"},"potentialAction":[{"@type":"SearchAction","target":{"@type":"EntryPoint","urlTemplate":"https:\/\/koptikapi.lv\/?s={search_term_string}"},"query-input":{"@type":"PropertyValueSpecification","valueRequired":true,"valueName":"search_term_string"}}],"inLanguage":"ru-RU"},{"@type":"Organization","@id":"https:\/\/koptikapi.lv\/#organization","name":"Kopti Kapi","url":"https:\/\/koptikapi.lv\/","logo":{"@type":"ImageObject","inLanguage":"ru-RU","@id":"https:\/\/koptikapi.lv\/#\/schema\/logo\/image\/","url":"https:\/\/koptikapi.lv\/wp-content\/uploads\/2024\/08\/Logo-black.svg","contentUrl":"https:\/\/koptikapi.lv\/wp-content\/uploads\/2024\/08\/Logo-black.svg","width":545,"height":311,"caption":"Kopti Kapi"},"image":{"@id":"https:\/\/koptikapi.lv\/#\/schema\/logo\/image\/"},"sameAs":["https:\/\/www.facebook.com\/koptikapi.lv"]}]}},"_links":{"self":[{"href":"https:\/\/koptikapi.lv\/ru\/wp-json\/wp\/v2\/pages\/56","targetHints":{"allow":["GET"]}}],"collection":[{"href":"https:\/\/koptikapi.lv\/ru\/wp-json\/wp\/v2\/pages"}],"about":[{"href":"https:\/\/koptikapi.lv\/ru\/wp-json\/wp\/v2\/types\/page"}],"author":[{"embeddable":true,"href":"https:\/\/koptikapi.lv\/ru\/wp-json\/wp\/v2\/users\/1"}],"replies":[{"embeddable":true,"href":"https:\/\/koptikapi.lv\/ru\/wp-json\/wp\/v2\/comments?post=56"}],"version-history":[{"count":50,"href":"https:\/\/koptikapi.lv\/ru\/wp-json\/wp\/v2\/pages\/56\/revisions"}],"predecessor-version":[{"id":3226,"href":"https:\/\/koptikapi.lv\/ru\/wp-json\/wp\/v2\/pages\/56\/revisions\/3226"}],"wp:attachment":[{"href":"https:\/\/koptikapi.lv\/ru\/wp-json\/wp\/v2\/media?parent=56"}],"curies":[{"name":"wp","href":"https:\/\/api.w.org\/{rel}","templated":true}]}}