{"id":52,"date":"2025-03-11T19:02:12","date_gmt":"2025-03-11T16:02:12","guid":{"rendered":"https:\/\/koptikapi.lv\/?page_id=52"},"modified":"2026-03-22T18:52:44","modified_gmt":"2026-03-22T15:52:44","slug":"veikals","status":"publish","type":"page","link":"https:\/\/koptikapi.lv\/ru\/veikals\/","title":{"rendered":"\u041c\u0430\u0433\u0430\u0437\u0438\u043d"},"content":{"rendered":"<div data-elementor-type=\"wp-page\" data-elementor-id=\"52\" class=\"elementor elementor-52\" data-elementor-post-type=\"page\">\n\t\t\t\t<div class=\"elementor-element elementor-element-58cb13b3 e-flex e-con-boxed e-con e-parent\" data-id=\"58cb13b3\" data-element_type=\"container\" data-e-type=\"container\" data-settings=\"{&quot;background_background&quot;:&quot;classic&quot;}\">\n\t\t\t\t\t<div class=\"e-con-inner\">\n\t\t\t\t\t<\/div>\n\t\t\t\t<\/div>\n\t\t<div class=\"elementor-element elementor-element-118aeae e-flex e-con-boxed e-con e-parent\" data-id=\"118aeae\" data-element_type=\"container\" data-e-type=\"container\">\n\t\t\t\t\t<div class=\"e-con-inner\">\n\t\t<div class=\"elementor-element elementor-element-75c3c65 e-con-full e-flex e-con e-child\" data-id=\"75c3c65\" data-element_type=\"container\" data-e-type=\"container\" data-settings=\"{&quot;background_background&quot;:&quot;classic&quot;}\">\n\t\t<div class=\"elementor-element elementor-element-dffe971 e-con-full e-flex e-con e-child\" data-id=\"dffe971\" data-element_type=\"container\" data-e-type=\"container\" data-settings=\"{&quot;background_background&quot;:&quot;classic&quot;}\">\n\t\t\t\t<\/div>\n\t\t<div class=\"elementor-element elementor-element-9de9b71 e-con-full e-flex e-con e-child\" data-id=\"9de9b71\" data-element_type=\"container\" data-e-type=\"container\">\n\t\t<div class=\"elementor-element elementor-element-07bf5f0 e-con-full e-flex e-con e-child\" data-id=\"07bf5f0\" data-element_type=\"container\" data-e-type=\"container\">\n\t\t\t\t<div class=\"elementor-element elementor-element-c46f11f elementor-widget elementor-widget-heading\" data-id=\"c46f11f\" data-element_type=\"widget\" data-e-type=\"widget\" data-widget_type=\"heading.default\">\n\t\t\t\t\t<h2 class=\"elementor-heading-title elementor-size-default\">\u0413\u0440\u0430\u043d\u0438\u0442\u043d\u044b\u0435 \u043f\u0430\u043c\u044f\u0442\u043d\u0438\u043a\u0438 <\/h2>\t\t\t\t<\/div>\n\t\t\t\t<div class=\"elementor-element elementor-element-aa1516f elementor-widget elementor-widget-heading\" data-id=\"aa1516f\" data-element_type=\"widget\" data-e-type=\"widget\" data-widget_type=\"heading.default\">\n\t\t\t\t\t<h2 class=\"elementor-heading-title elementor-size-default\">\u0413\u0440\u0430\u043d\u0438\u0442\u043d\u044b\u0435 \u043f\u0430\u043c\u044f\u0442\u043d\u0438\u043a\u0438 \u0438 \u0438\u0445 \u0430\u043d\u0441\u0430\u043c\u0431\u043b\u0438<\/h2>\t\t\t\t<\/div>\n\t\t\t\t<\/div>\n\t\t\t\t<div class=\"elementor-element elementor-element-c38b2db elementor-widget elementor-widget-button\" data-id=\"c38b2db\" data-element_type=\"widget\" data-e-type=\"widget\" data-widget_type=\"button.default\">\n\t\t\t\t\t\t\t\t\t\t<a class=\"elementor-button elementor-button-link elementor-size-sm\" href=\"https:\/\/koptikapi.lv\/ru\/kapu-pieminekli-karuselis\/\">\n\t\t\t\t\t\t<span class=\"elementor-button-content-wrapper\">\n\t\t\t\t\t\t\t\t\t<span class=\"elementor-button-text\">\u0421\u043c\u043e\u0442\u0440\u0435\u0442\u044c \u043a\u0430\u0442\u0430\u043b\u043e\u0433<\/span>\n\t\t\t\t\t<\/span>\n\t\t\t\t\t<\/a>\n\t\t\t\t\t\t\t\t<\/div>\n\t\t\t\t<\/div>\n\t\t\t\t<\/div>\n\t\t<div class=\"elementor-element elementor-element-10d1d96 e-con-full e-flex e-con e-child\" data-id=\"10d1d96\" data-element_type=\"container\" data-e-type=\"container\" data-settings=\"{&quot;background_background&quot;:&quot;classic&quot;}\">\n\t\t<div class=\"elementor-element elementor-element-32a9894 e-con-full e-flex e-con e-child\" data-id=\"32a9894\" data-element_type=\"container\" data-e-type=\"container\" data-settings=\"{&quot;background_background&quot;:&quot;classic&quot;}\">\n\t\t\t\t<\/div>\n\t\t<div class=\"elementor-element elementor-element-bc53074 e-con-full e-flex e-con e-child\" data-id=\"bc53074\" data-element_type=\"container\" data-e-type=\"container\">\n\t\t<div class=\"elementor-element elementor-element-d31d988 e-con-full e-flex e-con e-child\" data-id=\"d31d988\" data-element_type=\"container\" data-e-type=\"container\">\n\t\t\t\t<div class=\"elementor-element elementor-element-0912fd0 elementor-widget elementor-widget-heading\" data-id=\"0912fd0\" data-element_type=\"widget\" data-e-type=\"widget\" data-widget_type=\"heading.default\">\n\t\t\t\t\t<h2 class=\"elementor-heading-title elementor-size-default\">\u0413\u0440\u0430\u043d\u0438\u0442\u043d\u0430\u044f \u043a\u043b\u0430\u0434\u0431\u0438\u0449\u0435\u043d\u0441\u043a\u0430\u044f \u0430\u0442\u0440\u0438\u0431\u0443\u0442\u0438\u043a\u0430 <\/h2>\t\t\t\t<\/div>\n\t\t\t\t<div class=\"elementor-element elementor-element-ae312cc elementor-widget elementor-widget-heading\" data-id=\"ae312cc\" data-element_type=\"widget\" data-e-type=\"widget\" data-widget_type=\"heading.default\">\n\t\t\t\t\t<h2 class=\"elementor-heading-title elementor-size-default\">\u0413\u0440\u0430\u043d\u0438\u0442\u043d\u044b\u0435 \u043d\u0430\u0434\u0433\u0440\u043e\u0431\u0438\u044f, \u043f\u0435\u0440\u0438\u043c\u0435\u0442\u0440 \u0438 \u0441\u043a\u0430\u043c\u044c\u044f<\/h2>\t\t\t\t<\/div>\n\t\t\t\t<\/div>\n\t\t\t\t<div class=\"elementor-element elementor-element-776e471 elementor-widget elementor-widget-button\" data-id=\"776e471\" data-element_type=\"widget\" data-e-type=\"widget\" data-widget_type=\"button.default\">\n\t\t\t\t\t\t\t\t\t\t<a class=\"elementor-button elementor-button-link elementor-size-sm\" href=\"https:\/\/koptikapi.lv\/ru\/granita-kapu-atributika-duplicate\/\">\n\t\t\t\t\t\t<span class=\"elementor-button-content-wrapper\">\n\t\t\t\t\t\t\t\t\t<span class=\"elementor-button-text\">\u0421\u043c\u043e\u0442\u0440\u0435\u0442\u044c \u043a\u0430\u0442\u0430\u043b\u043e\u0433<\/span>\n\t\t\t\t\t<\/span>\n\t\t\t\t\t<\/a>\n\t\t\t\t\t\t\t\t<\/div>\n\t\t\t\t<\/div>\n\t\t\t\t<\/div>\n\t\t<div class=\"elementor-element elementor-element-90e375f e-con-full e-flex e-con e-child\" data-id=\"90e375f\" data-element_type=\"container\" data-e-type=\"container\" data-settings=\"{&quot;background_background&quot;:&quot;classic&quot;}\">\n\t\t<div class=\"elementor-element elementor-element-efb415a e-con-full e-flex e-con e-child\" data-id=\"efb415a\" data-element_type=\"container\" data-e-type=\"container\" data-settings=\"{&quot;background_background&quot;:&quot;classic&quot;}\">\n\t\t\t\t<\/div>\n\t\t<div class=\"elementor-element elementor-element-a801d3a e-con-full e-flex e-con e-child\" data-id=\"a801d3a\" data-element_type=\"container\" data-e-type=\"container\">\n\t\t<div class=\"elementor-element elementor-element-7f2d568 e-con-full e-flex e-con e-child\" data-id=\"7f2d568\" data-element_type=\"container\" data-e-type=\"container\">\n\t\t\t\t<div class=\"elementor-element elementor-element-c84420d elementor-widget elementor-widget-heading\" data-id=\"c84420d\" data-element_type=\"widget\" data-e-type=\"widget\" data-widget_type=\"heading.default\">\n\t\t\t\t\t<h2 class=\"elementor-heading-title elementor-size-default\">\u0411\u0435\u0442\u043e\u043d\u043d\u0430\u044f \u043a\u043b\u0430\u0434\u0431\u0438\u0449\u0435\u043d\u0441\u043a\u0430\u044f \u0430\u0442\u0440\u0438\u0431\u0443\u0442\u0438\u043a\u0430 <\/h2>\t\t\t\t<\/div>\n\t\t\t\t<div class=\"elementor-element elementor-element-d3d659e elementor-widget elementor-widget-heading\" data-id=\"d3d659e\" data-element_type=\"widget\" data-e-type=\"widget\" data-widget_type=\"heading.default\">\n\t\t\t\t\t<h2 class=\"elementor-heading-title elementor-size-default\">\u0411\u0435\u0442\u043e\u043d\u043d\u044b\u0435 \u043f\u0430\u043c\u044f\u0442\u043d\u0438\u043a\u0438, \u043d\u0430\u0434\u0433\u0440\u043e\u0431\u0438\u044f \u0438 \u043f\u0435\u0440\u0438\u043c\u0435\u0442\u0440<\/h2>\t\t\t\t<\/div>\n\t\t\t\t<\/div>\n\t\t\t\t<div class=\"elementor-element elementor-element-87d54b2 elementor-widget elementor-widget-button\" data-id=\"87d54b2\" data-element_type=\"widget\" data-e-type=\"widget\" data-widget_type=\"button.default\">\n\t\t\t\t\t\t\t\t\t\t<a class=\"elementor-button elementor-button-link elementor-size-sm\" href=\"https:\/\/koptikapi.lv\/ru\/betons-karuselis\/\">\n\t\t\t\t\t\t<span class=\"elementor-button-content-wrapper\">\n\t\t\t\t\t\t\t\t\t<span class=\"elementor-button-text\">\u0421\u043c\u043e\u0442\u0440\u0435\u0442\u044c \u043a\u0430\u0442\u0430\u043b\u043e\u0433<\/span>\n\t\t\t\t\t<\/span>\n\t\t\t\t\t<\/a>\n\t\t\t\t\t\t\t\t<\/div>\n\t\t\t\t<\/div>\n\t\t\t\t<\/div>\n\t\t\t\t\t<\/div>\n\t\t\t\t<\/div>\n\t\t\t\t<\/div>","protected":false},"excerpt":{"rendered":"<p>Gran\u012bta pieminek\u013ci Gran\u012bta pieminek\u013ci un to ansamb\u013ci Skat\u012bt katalogu Gran\u012bta kapu atrib\u016btika Gran\u012bta apmales, perimetrs un sols Skat\u012bt katalogu Betona kapu atrib\u016btika Betona pieminek\u013ci, apmales un perimetrs Skat\u012bt katalogu<\/p>","protected":false},"author":1,"featured_media":0,"parent":0,"menu_order":0,"comment_status":"closed","ping_status":"closed","template":"","meta":{"_acf_changed":false,"footnotes":""},"class_list":["post-52","page","type-page","status-publish","hentry"],"acf":[],"yoast_head":"<!-- This site is optimized with the Yoast SEO plugin v27.3 - https:\/\/yoast.com\/product\/yoast-seo-wordpress\/ -->\n<title>Veikals | Koptikapi.lv - kapu labiek\u0101rto\u0161ana R\u012bg\u0101.<\/title>\n<meta name=\"robots\" content=\"index, follow, max-snippet:-1, max-image-preview:large, max-video-preview:-1\" \/>\n<link rel=\"canonical\" href=\"https:\/\/koptikapi.lv\/ru\/veikals\/\" \/>\n<meta property=\"og:locale\" content=\"ru_RU\" \/>\n<meta property=\"og:type\" content=\"article\" \/>\n<meta property=\"og:title\" content=\"Veikals | Koptikapi.lv - kapu labiek\u0101rto\u0161ana R\u012bg\u0101.\" \/>\n<meta property=\"og:description\" content=\"Gran\u012bta pieminek\u013ci Gran\u012bta pieminek\u013ci un to ansamb\u013ci Skat\u012bt katalogu Gran\u012bta kapu atrib\u016btika Gran\u012bta apmales, perimetrs un sols Skat\u012bt katalogu Betona kapu atrib\u016btika Betona pieminek\u013ci, apmales un perimetrs Skat\u012bt katalogu\" \/>\n<meta property=\"og:url\" content=\"https:\/\/koptikapi.lv\/ru\/veikals\/\" \/>\n<meta property=\"og:site_name\" content=\"koptikapi.lv\" \/>\n<meta property=\"article:publisher\" content=\"https:\/\/www.facebook.com\/koptikapi.lv\" \/>\n<meta property=\"article:modified_time\" content=\"2026-03-22T15:52:44+00:00\" \/>\n<meta name=\"twitter:card\" content=\"summary_large_image\" \/>\n<meta name=\"twitter:label1\" content=\"\u041f\u0440\u0438\u043c\u0435\u0440\u043d\u043e\u0435 \u0432\u0440\u0435\u043c\u044f \u0434\u043b\u044f \u0447\u0442\u0435\u043d\u0438\u044f\" \/>\n\t<meta name=\"twitter:data1\" content=\"1 \u043c\u0438\u043d\u0443\u0442\u0430\" \/>\n<!-- \/ Yoast SEO plugin. -->","yoast_head_json":{"title":"Veikals | Koptikapi.lv - kapu labiek\u0101rto\u0161ana R\u012bg\u0101.","robots":{"index":"index","follow":"follow","max-snippet":"max-snippet:-1","max-image-preview":"max-image-preview:large","max-video-preview":"max-video-preview:-1"},"canonical":"https:\/\/koptikapi.lv\/ru\/veikals\/","og_locale":"ru_RU","og_type":"article","og_title":"Veikals | Koptikapi.lv - kapu labiek\u0101rto\u0161ana R\u012bg\u0101.","og_description":"Gran\u012bta pieminek\u013ci Gran\u012bta pieminek\u013ci un to ansamb\u013ci Skat\u012bt katalogu Gran\u012bta kapu atrib\u016btika Gran\u012bta apmales, perimetrs un sols Skat\u012bt katalogu Betona kapu atrib\u016btika Betona pieminek\u013ci, apmales un perimetrs Skat\u012bt katalogu","og_url":"https:\/\/koptikapi.lv\/ru\/veikals\/","og_site_name":"koptikapi.lv","article_publisher":"https:\/\/www.facebook.com\/koptikapi.lv","article_modified_time":"2026-03-22T15:52:44+00:00","twitter_card":"summary_large_image","twitter_misc":{"\u041f\u0440\u0438\u043c\u0435\u0440\u043d\u043e\u0435 \u0432\u0440\u0435\u043c\u044f \u0434\u043b\u044f \u0447\u0442\u0435\u043d\u0438\u044f":"1 \u043c\u0438\u043d\u0443\u0442\u0430"},"schema":{"@context":"https:\/\/schema.org","@graph":[{"@type":"WebPage","@id":"https:\/\/koptikapi.lv\/veikals\/","url":"https:\/\/koptikapi.lv\/veikals\/","name":"Veikals | Koptikapi.lv - kapu labiek\u0101rto\u0161ana R\u012bg\u0101.","isPartOf":{"@id":"https:\/\/koptikapi.lv\/#website"},"datePublished":"2025-03-11T16:02:12+00:00","dateModified":"2026-03-22T15:52:44+00:00","breadcrumb":{"@id":"https:\/\/koptikapi.lv\/veikals\/#breadcrumb"},"inLanguage":"ru-RU","potentialAction":[{"@type":"ReadAction","target":["https:\/\/koptikapi.lv\/veikals\/"]}]},{"@type":"BreadcrumbList","@id":"https:\/\/koptikapi.lv\/veikals\/#breadcrumb","itemListElement":[{"@type":"ListItem","position":1,"name":"Home","item":"https:\/\/koptikapi.lv\/"},{"@type":"ListItem","position":2,"name":"Veikals"}]},{"@type":"WebSite","@id":"https:\/\/koptikapi.lv\/#website","url":"https:\/\/koptikapi.lv\/","name":"https:\/\/koptikapi.lv","description":"Koptikapi.lv - kapu labiek\u0101rto\u0161ana R\u012bg\u0101.","publisher":{"@id":"https:\/\/koptikapi.lv\/#organization"},"potentialAction":[{"@type":"SearchAction","target":{"@type":"EntryPoint","urlTemplate":"https:\/\/koptikapi.lv\/?s={search_term_string}"},"query-input":{"@type":"PropertyValueSpecification","valueRequired":true,"valueName":"search_term_string"}}],"inLanguage":"ru-RU"},{"@type":"Organization","@id":"https:\/\/koptikapi.lv\/#organization","name":"Kopti Kapi","url":"https:\/\/koptikapi.lv\/","logo":{"@type":"ImageObject","inLanguage":"ru-RU","@id":"https:\/\/koptikapi.lv\/#\/schema\/logo\/image\/","url":"https:\/\/koptikapi.lv\/wp-content\/uploads\/2024\/08\/Logo-black.svg","contentUrl":"https:\/\/koptikapi.lv\/wp-content\/uploads\/2024\/08\/Logo-black.svg","width":545,"height":311,"caption":"Kopti Kapi"},"image":{"@id":"https:\/\/koptikapi.lv\/#\/schema\/logo\/image\/"},"sameAs":["https:\/\/www.facebook.com\/koptikapi.lv"]}]}},"_links":{"self":[{"href":"https:\/\/koptikapi.lv\/ru\/wp-json\/wp\/v2\/pages\/52","targetHints":{"allow":["GET"]}}],"collection":[{"href":"https:\/\/koptikapi.lv\/ru\/wp-json\/wp\/v2\/pages"}],"about":[{"href":"https:\/\/koptikapi.lv\/ru\/wp-json\/wp\/v2\/types\/page"}],"author":[{"embeddable":true,"href":"https:\/\/koptikapi.lv\/ru\/wp-json\/wp\/v2\/users\/1"}],"replies":[{"embeddable":true,"href":"https:\/\/koptikapi.lv\/ru\/wp-json\/wp\/v2\/comments?post=52"}],"version-history":[{"count":120,"href":"https:\/\/koptikapi.lv\/ru\/wp-json\/wp\/v2\/pages\/52\/revisions"}],"predecessor-version":[{"id":3470,"href":"https:\/\/koptikapi.lv\/ru\/wp-json\/wp\/v2\/pages\/52\/revisions\/3470"}],"wp:attachment":[{"href":"https:\/\/koptikapi.lv\/ru\/wp-json\/wp\/v2\/media?parent=52"}],"curies":[{"name":"wp","href":"https:\/\/api.w.org\/{rel}","templated":true}]}}