{"id":3461,"date":"2026-03-22T18:50:54","date_gmt":"2026-03-22T15:50:54","guid":{"rendered":"https:\/\/koptikapi.lv\/?page_id=3461"},"modified":"2026-03-22T19:29:48","modified_gmt":"2026-03-22T16:29:48","slug":"granita-kapu-atributika-duplicate","status":"publish","type":"page","link":"https:\/\/koptikapi.lv\/ru\/granita-kapu-atributika-duplicate\/","title":{"rendered":"\u0413\u0440\u0430\u043d\u0438\u0442\u043d\u0430\u044f \u043a\u043b\u0430\u0434\u0431\u0438\u0449\u0435\u043d\u0441\u043a\u0430\u044f \u0430\u0442\u0440\u0438\u0431\u0443\u0442\u0438\u043a\u0430"},"content":{"rendered":"<div data-elementor-type=\"wp-page\" data-elementor-id=\"3461\" class=\"elementor elementor-3461\" data-elementor-post-type=\"page\">\n\t\t\t\t<div class=\"elementor-element elementor-element-7376e382 e-flex e-con-boxed e-con e-parent\" data-id=\"7376e382\" data-element_type=\"container\" data-e-type=\"container\" data-settings=\"{&quot;background_background&quot;:&quot;classic&quot;}\">\n\t\t\t\t\t<div class=\"e-con-inner\">\n\t\t\t\t\t<\/div>\n\t\t\t\t<\/div>\n\t\t<div class=\"elementor-element elementor-element-30e3f965 e-flex e-con-boxed e-con e-child\" data-id=\"30e3f965\" data-element_type=\"container\" data-e-type=\"container\">\n\t\t\t\t\t<div class=\"e-con-inner\">\n\t\t\t\t<div class=\"elementor-element elementor-element-25fe8c46 elementor-widget elementor-widget-heading\" data-id=\"25fe8c46\" data-element_type=\"widget\" data-e-type=\"widget\" data-widget_type=\"heading.default\">\n\t\t\t\t\t<h2 class=\"elementor-heading-title elementor-size-default\">\u041d\u0430\u0436\u043c\u0438\u0442\u0435 \u043d\u0430 \u0438\u0437\u043e\u0431\u0440\u0430\u0436\u0435\u043d\u0438\u0435, \u0447\u0442\u043e\u0431\u044b \u0443\u0432\u0435\u043b\u0438\u0447\u0438\u0442\u044c<\/h2>\t\t\t\t<\/div>\n\t\t\t\t<div class=\"elementor-element elementor-element-7e50a1d3 elementor-view-default elementor-widget elementor-widget-icon\" data-id=\"7e50a1d3\" data-element_type=\"widget\" data-e-type=\"widget\" data-widget_type=\"icon.default\">\n\t\t\t\t\t\t\t<div class=\"elementor-icon-wrapper\">\n\t\t\t<div class=\"elementor-icon\">\n\t\t\t<svg xmlns=\"http:\/\/www.w3.org\/2000\/svg\" id=\"Object\" height=\"512\" viewbox=\"0 0 32 32\" width=\"512\"><path d=\"m15.4 16.71a1 1 0 0 0 1.41 0l10-10a1 1 0 0 0 0-1.42 1 1 0 0 0 -1.41 0l-9.3 9.3-9.29-9.3a1 1 0 0 0 -1.41 0 1 1 0 0 0 0 1.42z\"><\/path><path d=\"m25.4 15.29-9.3 9.3-9.29-9.3a1 1 0 0 0 -1.41 0 1 1 0 0 0 0 1.42l10 10a1 1 0 0 0 1.41 0l10-10a1 1 0 0 0 0-1.42 1 1 0 0 0 -1.41 0z\"><\/path><\/svg>\t\t\t<\/div>\n\t\t<\/div>\n\t\t\t\t\t\t<\/div>\n\t\t\t\t<div class=\"elementor-element elementor-element-1816bc24 elementor-arrows-position-outside elementor-pagination-position-outside elementor-widget elementor-widget-image-carousel\" data-id=\"1816bc24\" data-element_type=\"widget\" data-e-type=\"widget\" data-settings=\"{&quot;lazyload&quot;:&quot;yes&quot;,&quot;image_spacing_custom&quot;:{&quot;unit&quot;:&quot;px&quot;,&quot;size&quot;:12,&quot;sizes&quot;:[]},&quot;navigation&quot;:&quot;both&quot;,&quot;autoplay&quot;:&quot;yes&quot;,&quot;pause_on_hover&quot;:&quot;yes&quot;,&quot;pause_on_interaction&quot;:&quot;yes&quot;,&quot;autoplay_speed&quot;:5000,&quot;infinite&quot;:&quot;yes&quot;,&quot;speed&quot;:500,&quot;image_spacing_custom_laptop&quot;:{&quot;unit&quot;:&quot;px&quot;,&quot;size&quot;:&quot;&quot;,&quot;sizes&quot;:[]},&quot;image_spacing_custom_tablet_extra&quot;:{&quot;unit&quot;:&quot;px&quot;,&quot;size&quot;:&quot;&quot;,&quot;sizes&quot;:[]},&quot;image_spacing_custom_tablet&quot;:{&quot;unit&quot;:&quot;px&quot;,&quot;size&quot;:&quot;&quot;,&quot;sizes&quot;:[]},&quot;image_spacing_custom_mobile&quot;:{&quot;unit&quot;:&quot;px&quot;,&quot;size&quot;:&quot;&quot;,&quot;sizes&quot;:[]}}\" data-widget_type=\"image-carousel.default\">\n\t\t\t\t\t\t\t<div class=\"elementor-image-carousel-wrapper swiper\" role=\"region\" aria-roledescription=\"carousel\" aria-label=\"Image Carousel\" dir=\"ltr\">\n\t\t\t<div class=\"elementor-image-carousel swiper-wrapper\" aria-live=\"off\">\n\t\t\t\t\t\t\t\t<div class=\"swiper-slide\" role=\"group\" aria-roledescription=\"slide\" aria-label=\"1 \u0438\u0437 6\" data-no-translation-aria-label=\"\"><a data-elementor-open-lightbox=\"yes\" data-elementor-lightbox-slideshow=\"1816bc24\" data-elementor-lightbox-title=\"v2_highres_page_1_result\" data-e-action-hash=\"#elementor-action%3Aaction%3Dlightbox%26settings%3DeyJpZCI6MzUwMCwidXJsIjoiaHR0cHM6XC9cL2tvcHRpa2FwaS5sdlwvd3AtY29udGVudFwvdXBsb2Fkc1wvMjAyNlwvMDNcL3YyX2hpZ2hyZXNfcGFnZV8xX3Jlc3VsdC53ZWJwIiwic2xpZGVzaG93IjoiMTgxNmJjMjQifQ%3D%3D\" href=\"https:\/\/koptikapi.lv\/wp-content\/uploads\/2026\/03\/v2_highres_page_1_result.webp\"><figure class=\"swiper-slide-inner\"><img class=\"swiper-slide-image swiper-lazy\" data-src=\"https:\/\/koptikapi.lv\/wp-content\/uploads\/2026\/03\/v2_highres_page_1_result.webp\" alt=\"v2_highres_page_1_result\" \/><div class=\"swiper-lazy-preloader\"><\/div><\/figure><\/a><\/div><div class=\"swiper-slide\" role=\"group\" aria-roledescription=\"slide\" aria-label=\"2 \u0438\u0437 6\" data-no-translation-aria-label=\"\"><a data-elementor-open-lightbox=\"yes\" data-elementor-lightbox-slideshow=\"1816bc24\" data-elementor-lightbox-title=\"v2_highres_page_2_result\" data-e-action-hash=\"#elementor-action%3Aaction%3Dlightbox%26settings%3DeyJpZCI6MzUwMSwidXJsIjoiaHR0cHM6XC9cL2tvcHRpa2FwaS5sdlwvd3AtY29udGVudFwvdXBsb2Fkc1wvMjAyNlwvMDNcL3YyX2hpZ2hyZXNfcGFnZV8yX3Jlc3VsdC53ZWJwIiwic2xpZGVzaG93IjoiMTgxNmJjMjQifQ%3D%3D\" href=\"https:\/\/koptikapi.lv\/wp-content\/uploads\/2026\/03\/v2_highres_page_2_result.webp\"><figure class=\"swiper-slide-inner\"><img class=\"swiper-slide-image swiper-lazy\" data-src=\"https:\/\/koptikapi.lv\/wp-content\/uploads\/2026\/03\/v2_highres_page_2_result.webp\" alt=\"v2_highres_page_2_result\" \/><div class=\"swiper-lazy-preloader\"><\/div><\/figure><\/a><\/div><div class=\"swiper-slide\" role=\"group\" aria-roledescription=\"slide\" aria-label=\"3 \u0438\u0437 6\" data-no-translation-aria-label=\"\"><a data-elementor-open-lightbox=\"yes\" data-elementor-lightbox-slideshow=\"1816bc24\" data-elementor-lightbox-title=\"v2_highres_page_3_result\" data-e-action-hash=\"#elementor-action%3Aaction%3Dlightbox%26settings%3DeyJpZCI6MzUwMiwidXJsIjoiaHR0cHM6XC9cL2tvcHRpa2FwaS5sdlwvd3AtY29udGVudFwvdXBsb2Fkc1wvMjAyNlwvMDNcL3YyX2hpZ2hyZXNfcGFnZV8zX3Jlc3VsdC53ZWJwIiwic2xpZGVzaG93IjoiMTgxNmJjMjQifQ%3D%3D\" href=\"https:\/\/koptikapi.lv\/wp-content\/uploads\/2026\/03\/v2_highres_page_3_result.webp\"><figure class=\"swiper-slide-inner\"><img class=\"swiper-slide-image swiper-lazy\" data-src=\"https:\/\/koptikapi.lv\/wp-content\/uploads\/2026\/03\/v2_highres_page_3_result.webp\" alt=\"v2_highres_page_3_result\" \/><div class=\"swiper-lazy-preloader\"><\/div><\/figure><\/a><\/div><div class=\"swiper-slide\" role=\"group\" aria-roledescription=\"slide\" aria-label=\"4 \u0438\u0437 6\" data-no-translation-aria-label=\"\"><a data-elementor-open-lightbox=\"yes\" data-elementor-lightbox-slideshow=\"1816bc24\" data-elementor-lightbox-title=\"v2_highres_page_4_result\" data-e-action-hash=\"#elementor-action%3Aaction%3Dlightbox%26settings%3DeyJpZCI6MzUwMywidXJsIjoiaHR0cHM6XC9cL2tvcHRpa2FwaS5sdlwvd3AtY29udGVudFwvdXBsb2Fkc1wvMjAyNlwvMDNcL3YyX2hpZ2hyZXNfcGFnZV80X3Jlc3VsdC53ZWJwIiwic2xpZGVzaG93IjoiMTgxNmJjMjQifQ%3D%3D\" href=\"https:\/\/koptikapi.lv\/wp-content\/uploads\/2026\/03\/v2_highres_page_4_result.webp\"><figure class=\"swiper-slide-inner\"><img class=\"swiper-slide-image swiper-lazy\" data-src=\"https:\/\/koptikapi.lv\/wp-content\/uploads\/2026\/03\/v2_highres_page_4_result.webp\" alt=\"v2_highres_page_4_result\" \/><div class=\"swiper-lazy-preloader\"><\/div><\/figure><\/a><\/div><div class=\"swiper-slide\" role=\"group\" aria-roledescription=\"slide\" aria-label=\"5 \u0438\u0437 6\" data-no-translation-aria-label=\"\"><a data-elementor-open-lightbox=\"yes\" data-elementor-lightbox-slideshow=\"1816bc24\" data-elementor-lightbox-title=\"v2_highres_page_5_result\" data-e-action-hash=\"#elementor-action%3Aaction%3Dlightbox%26settings%3DeyJpZCI6MzUwNCwidXJsIjoiaHR0cHM6XC9cL2tvcHRpa2FwaS5sdlwvd3AtY29udGVudFwvdXBsb2Fkc1wvMjAyNlwvMDNcL3YyX2hpZ2hyZXNfcGFnZV81X3Jlc3VsdC53ZWJwIiwic2xpZGVzaG93IjoiMTgxNmJjMjQifQ%3D%3D\" href=\"https:\/\/koptikapi.lv\/wp-content\/uploads\/2026\/03\/v2_highres_page_5_result.webp\"><figure class=\"swiper-slide-inner\"><img class=\"swiper-slide-image swiper-lazy\" data-src=\"https:\/\/koptikapi.lv\/wp-content\/uploads\/2026\/03\/v2_highres_page_5_result.webp\" alt=\"v2_highres_page_5_result\" \/><div class=\"swiper-lazy-preloader\"><\/div><\/figure><\/a><\/div><div class=\"swiper-slide\" role=\"group\" aria-roledescription=\"slide\" aria-label=\"6 \u0438\u0437 6\" data-no-translation-aria-label=\"\"><a data-elementor-open-lightbox=\"yes\" data-elementor-lightbox-slideshow=\"1816bc24\" data-elementor-lightbox-title=\"v2_highres_page_6_result\" data-e-action-hash=\"#elementor-action%3Aaction%3Dlightbox%26settings%3DeyJpZCI6MzUwNSwidXJsIjoiaHR0cHM6XC9cL2tvcHRpa2FwaS5sdlwvd3AtY29udGVudFwvdXBsb2Fkc1wvMjAyNlwvMDNcL3YyX2hpZ2hyZXNfcGFnZV82X3Jlc3VsdC53ZWJwIiwic2xpZGVzaG93IjoiMTgxNmJjMjQifQ%3D%3D\" href=\"https:\/\/koptikapi.lv\/wp-content\/uploads\/2026\/03\/v2_highres_page_6_result.webp\"><figure class=\"swiper-slide-inner\"><img class=\"swiper-slide-image swiper-lazy\" data-src=\"https:\/\/koptikapi.lv\/wp-content\/uploads\/2026\/03\/v2_highres_page_6_result.webp\" alt=\"v2_highres_page_6_result\" \/><div class=\"swiper-lazy-preloader\"><\/div><\/figure><\/a><\/div>\t\t\t<\/div>\n\t\t\t\t\t\t\t\t\t\t\t\t<div class=\"elementor-swiper-button elementor-swiper-button-prev\" role=\"button\" tabindex=\"0\">\n\t\t\t\t\t\t<svg aria-hidden=\"true\" class=\"e-font-icon-svg e-eicon-chevron-left\" viewbox=\"0 0 1000 1000\" xmlns=\"http:\/\/www.w3.org\/2000\/svg\"><path d=\"M646 125C629 125 613 133 604 142L308 442C296 454 292 471 292 487 292 504 296 521 308 533L604 854C617 867 629 875 646 875 663 875 679 871 692 858 704 846 713 829 713 812 713 796 708 779 692 767L438 487 692 225C700 217 708 204 708 187 708 171 704 154 692 142 675 129 663 125 646 125Z\"><\/path><\/svg>\t\t\t\t\t<\/div>\n\t\t\t\t\t<div class=\"elementor-swiper-button elementor-swiper-button-next\" role=\"button\" tabindex=\"0\">\n\t\t\t\t\t\t<svg aria-hidden=\"true\" class=\"e-font-icon-svg e-eicon-chevron-right\" viewbox=\"0 0 1000 1000\" xmlns=\"http:\/\/www.w3.org\/2000\/svg\"><path d=\"M696 533C708 521 713 504 713 487 713 471 708 454 696 446L400 146C388 133 375 125 354 125 338 125 325 129 313 142 300 154 292 171 292 187 292 204 296 221 308 233L563 492 304 771C292 783 288 800 288 817 288 833 296 850 308 863 321 871 338 875 354 875 371 875 388 867 400 854L696 533Z\"><\/path><\/svg>\t\t\t\t\t<\/div>\n\t\t\t\t\n\t\t\t\t\t\t\t\t\t<div class=\"swiper-pagination\"><\/div>\n\t\t\t\t\t\t\t\t\t<\/div>\n\t\t\t\t\t\t<\/div>\n\t\t\t\t\t<\/div>\n\t\t\t\t<\/div>\n\t\t\t\t<\/div>","protected":false},"excerpt":{"rendered":"<p>\u041d\u0430\u0436\u043c\u0438\u0442\u0435 \u043d\u0430 \u0438\u0437\u043e\u0431\u0440\u0430\u0436\u0435\u043d\u0438\u0435, \u0447\u0442\u043e\u0431\u044b \u0443\u0432\u0435\u043b\u0438\u0447\u0438\u0442\u044c &nbsp; &nbsp; &nbsp; &nbsp; &nbsp; &nbsp; &nbsp;<\/p>","protected":false},"author":1,"featured_media":0,"parent":0,"menu_order":0,"comment_status":"closed","ping_status":"closed","template":"","meta":{"_acf_changed":false,"footnotes":""},"class_list":["post-3461","page","type-page","status-publish","hentry"],"acf":[],"yoast_head":"<!-- This site is optimized with the Yoast SEO plugin v27.3 - https:\/\/yoast.com\/product\/yoast-seo-wordpress\/ -->\n<title>Gran\u012bta kapu atrib\u016btika | Koptikapi.lv - kapu labiek\u0101rto\u0161ana R\u012bg\u0101.<\/title>\n<meta name=\"robots\" content=\"index, follow, max-snippet:-1, max-image-preview:large, max-video-preview:-1\" \/>\n<link rel=\"canonical\" href=\"https:\/\/koptikapi.lv\/ru\/granita-kapu-atributika-duplicate\/\" \/>\n<meta property=\"og:locale\" content=\"ru_RU\" \/>\n<meta property=\"og:type\" content=\"article\" \/>\n<meta property=\"og:title\" content=\"Gran\u012bta kapu atrib\u016btika | Koptikapi.lv - kapu labiek\u0101rto\u0161ana R\u012bg\u0101.\" \/>\n<meta property=\"og:description\" content=\"Spied uz att\u0113la lai palielin\u0101tu &nbsp; &nbsp; &nbsp; &nbsp; &nbsp; &nbsp; &nbsp;\" \/>\n<meta property=\"og:url\" content=\"https:\/\/koptikapi.lv\/ru\/granita-kapu-atributika-duplicate\/\" \/>\n<meta property=\"og:site_name\" content=\"koptikapi.lv\" \/>\n<meta property=\"article:publisher\" content=\"https:\/\/www.facebook.com\/koptikapi.lv\" \/>\n<meta property=\"article:modified_time\" content=\"2026-03-22T16:29:48+00:00\" \/>\n<meta property=\"og:image\" content=\"https:\/\/koptikapi.lv\/wp-content\/uploads\/2026\/03\/v2_highres_page_1_result.webp\" \/>\n<meta name=\"twitter:card\" content=\"summary_large_image\" \/>\n<meta name=\"twitter:label1\" content=\"\u041f\u0440\u0438\u043c\u0435\u0440\u043d\u043e\u0435 \u0432\u0440\u0435\u043c\u044f \u0434\u043b\u044f \u0447\u0442\u0435\u043d\u0438\u044f\" \/>\n\t<meta name=\"twitter:data1\" content=\"2 \u043c\u0438\u043d\u0443\u0442\u044b\" \/>\n<!-- \/ Yoast SEO plugin. -->","yoast_head_json":{"title":"Gran\u012bta kapu atrib\u016btika | Koptikapi.lv - kapu labiek\u0101rto\u0161ana R\u012bg\u0101.","robots":{"index":"index","follow":"follow","max-snippet":"max-snippet:-1","max-image-preview":"max-image-preview:large","max-video-preview":"max-video-preview:-1"},"canonical":"https:\/\/koptikapi.lv\/ru\/granita-kapu-atributika-duplicate\/","og_locale":"ru_RU","og_type":"article","og_title":"Gran\u012bta kapu atrib\u016btika | Koptikapi.lv - kapu labiek\u0101rto\u0161ana R\u012bg\u0101.","og_description":"Spied uz att\u0113la lai palielin\u0101tu &nbsp; &nbsp; &nbsp; &nbsp; &nbsp; &nbsp; &nbsp;","og_url":"https:\/\/koptikapi.lv\/ru\/granita-kapu-atributika-duplicate\/","og_site_name":"koptikapi.lv","article_publisher":"https:\/\/www.facebook.com\/koptikapi.lv","article_modified_time":"2026-03-22T16:29:48+00:00","og_image":[{"url":"https:\/\/koptikapi.lv\/wp-content\/uploads\/2026\/03\/v2_highres_page_1_result.webp","type":"","width":"","height":""}],"twitter_card":"summary_large_image","twitter_misc":{"\u041f\u0440\u0438\u043c\u0435\u0440\u043d\u043e\u0435 \u0432\u0440\u0435\u043c\u044f \u0434\u043b\u044f \u0447\u0442\u0435\u043d\u0438\u044f":"2 \u043c\u0438\u043d\u0443\u0442\u044b"},"schema":{"@context":"https:\/\/schema.org","@graph":[{"@type":"WebPage","@id":"https:\/\/koptikapi.lv\/granita-kapu-atributika-duplicate\/","url":"https:\/\/koptikapi.lv\/granita-kapu-atributika-duplicate\/","name":"Gran\u012bta kapu atrib\u016btika | Koptikapi.lv - kapu labiek\u0101rto\u0161ana R\u012bg\u0101.","isPartOf":{"@id":"https:\/\/koptikapi.lv\/#website"},"primaryImageOfPage":{"@id":"https:\/\/koptikapi.lv\/granita-kapu-atributika-duplicate\/#primaryimage"},"image":{"@id":"https:\/\/koptikapi.lv\/granita-kapu-atributika-duplicate\/#primaryimage"},"thumbnailUrl":"https:\/\/koptikapi.lv\/wp-content\/uploads\/2026\/03\/v2_highres_page_1_result.webp","datePublished":"2026-03-22T15:50:54+00:00","dateModified":"2026-03-22T16:29:48+00:00","breadcrumb":{"@id":"https:\/\/koptikapi.lv\/granita-kapu-atributika-duplicate\/#breadcrumb"},"inLanguage":"ru-RU","potentialAction":[{"@type":"ReadAction","target":["https:\/\/koptikapi.lv\/granita-kapu-atributika-duplicate\/"]}]},{"@type":"ImageObject","inLanguage":"ru-RU","@id":"https:\/\/koptikapi.lv\/granita-kapu-atributika-duplicate\/#primaryimage","url":"https:\/\/koptikapi.lv\/wp-content\/uploads\/2026\/03\/v2_highres_page_1_result.webp","contentUrl":"https:\/\/koptikapi.lv\/wp-content\/uploads\/2026\/03\/v2_highres_page_1_result.webp"},{"@type":"BreadcrumbList","@id":"https:\/\/koptikapi.lv\/granita-kapu-atributika-duplicate\/#breadcrumb","itemListElement":[{"@type":"ListItem","position":1,"name":"Home","item":"https:\/\/koptikapi.lv\/"},{"@type":"ListItem","position":2,"name":"Gran\u012bta kapu atrib\u016btika"}]},{"@type":"WebSite","@id":"https:\/\/koptikapi.lv\/#website","url":"https:\/\/koptikapi.lv\/","name":"https:\/\/koptikapi.lv","description":"Koptikapi.lv - kapu labiek\u0101rto\u0161ana R\u012bg\u0101.","publisher":{"@id":"https:\/\/koptikapi.lv\/#organization"},"potentialAction":[{"@type":"SearchAction","target":{"@type":"EntryPoint","urlTemplate":"https:\/\/koptikapi.lv\/?s={search_term_string}"},"query-input":{"@type":"PropertyValueSpecification","valueRequired":true,"valueName":"search_term_string"}}],"inLanguage":"ru-RU"},{"@type":"Organization","@id":"https:\/\/koptikapi.lv\/#organization","name":"Kopti Kapi","url":"https:\/\/koptikapi.lv\/","logo":{"@type":"ImageObject","inLanguage":"ru-RU","@id":"https:\/\/koptikapi.lv\/#\/schema\/logo\/image\/","url":"https:\/\/koptikapi.lv\/wp-content\/uploads\/2024\/08\/Logo-black.svg","contentUrl":"https:\/\/koptikapi.lv\/wp-content\/uploads\/2024\/08\/Logo-black.svg","width":545,"height":311,"caption":"Kopti Kapi"},"image":{"@id":"https:\/\/koptikapi.lv\/#\/schema\/logo\/image\/"},"sameAs":["https:\/\/www.facebook.com\/koptikapi.lv"]}]}},"_links":{"self":[{"href":"https:\/\/koptikapi.lv\/ru\/wp-json\/wp\/v2\/pages\/3461","targetHints":{"allow":["GET"]}}],"collection":[{"href":"https:\/\/koptikapi.lv\/ru\/wp-json\/wp\/v2\/pages"}],"about":[{"href":"https:\/\/koptikapi.lv\/ru\/wp-json\/wp\/v2\/types\/page"}],"author":[{"embeddable":true,"href":"https:\/\/koptikapi.lv\/ru\/wp-json\/wp\/v2\/users\/1"}],"replies":[{"embeddable":true,"href":"https:\/\/koptikapi.lv\/ru\/wp-json\/wp\/v2\/comments?post=3461"}],"version-history":[{"count":8,"href":"https:\/\/koptikapi.lv\/ru\/wp-json\/wp\/v2\/pages\/3461\/revisions"}],"predecessor-version":[{"id":3518,"href":"https:\/\/koptikapi.lv\/ru\/wp-json\/wp\/v2\/pages\/3461\/revisions\/3518"}],"wp:attachment":[{"href":"https:\/\/koptikapi.lv\/ru\/wp-json\/wp\/v2\/media?parent=3461"}],"curies":[{"name":"wp","href":"https:\/\/api.w.org\/{rel}","templated":true}]}}