{"id":3,"date":"2024-08-15T11:06:27","date_gmt":"2024-08-15T11:06:27","guid":{"rendered":"https:\/\/koptikapi.lv\/?page_id=3"},"modified":"2025-03-21T18:13:07","modified_gmt":"2025-03-21T15:13:07","slug":"privacy-policy","status":"publish","type":"page","link":"https:\/\/koptikapi.lv\/ru\/privacy-policy\/","title":{"rendered":"Privacy Policy"},"content":{"rendered":"\t\t<div data-elementor-type=\"wp-page\" data-elementor-id=\"3\" class=\"elementor elementor-3\" data-elementor-post-type=\"page\">\n\t\t\t\t<div class=\"elementor-element elementor-element-30b8abdb e-flex e-con-boxed e-con e-parent\" data-id=\"30b8abdb\" data-element_type=\"container\" data-e-type=\"container\">\n\t\t\t\t\t<div class=\"e-con-inner\">\n\t\t\t\t<div class=\"elementor-element elementor-element-6d2551b6 elementor-widget elementor-widget-text-editor\" data-id=\"6d2551b6\" data-element_type=\"widget\" data-e-type=\"widget\" data-widget_type=\"text-editor.default\">\n\t\t\t\t\t\t\t\t\t\n<p>1. Visp\u0101r\u012bgie noteikumi<\/p>\n<p>\u0160\u012b priv\u0101tuma politika nosaka, k\u0101 SIA &#8220;TUS&#8221; (turpm\u0101k \u2013 &#8220;m\u0113s&#8221;, &#8220;m\u016bsu&#8221; vai &#8220;uz\u0146\u0113mums&#8221;) apstr\u0101d\u0101 un aizsarg\u0101 j\u016bsu personas datus, kad izmantojat m\u016bsu t\u012bmek\u013ca vietni www.koptikapi.lv un saist\u012btos pakalpojumus.<\/p>\n<p>M\u0113s ap\u0146emamies nodro\u0161in\u0101t j\u016bsu personas datu dro\u0161\u012bbu un iev\u0113rot sp\u0113k\u0101 eso\u0161os datu aizsardz\u012bbas likumus, tostarp Eiropas Parlamenta un Padomes Regulu (ES) 2016\/679 (Visp\u0101r\u012bgo datu aizsardz\u012bbas regulu, GDPR).<\/p>\n<p>2. K\u0101di datus m\u0113s apkopojam?<\/p>\n<p>M\u0113s varam apkopot un apstr\u0101d\u0101t \u0161\u0101dus personas datus:<\/p>\n<p>Identifik\u0101cijas dati (v\u0101rds, uzv\u0101rds, lietot\u0101jv\u0101rds, dzim\u0161anas datums);<br \/>Kontaktinform\u0101cija (e-pasta adrese, t\u0101lru\u0146a numurs, adrese);<br \/>Maks\u0101jumu inform\u0101cija (bankas konta dati, maks\u0101jumu v\u0113sture);<br \/>Tehniskie dati (IP adrese, p\u0101rl\u016bkprogrammas veids, s\u012bkfailu dati, ier\u012bces inform\u0101cija);<br \/>Citi dati, kurus j\u016bs mums sniedzat, sazinoties ar mums vai izmantojot m\u016bsu pakalpojumus.<br \/>3. K\u0101 m\u0113s izmantojam j\u016bsu datus?<\/p>\n<p>M\u0113s apstr\u0101d\u0101jam j\u016bsu personas datus \u0161\u0101diem nol\u016bkiem:<\/p>\n<p>Pakalpojumu nodro\u0161in\u0101\u0161anai un lietot\u0101ju kontu p\u0101rvald\u012bbai;<br \/>Klientu apkalpo\u0161anai un sazi\u0146ai ar lietot\u0101jiem;<br \/>M\u0101rketinga materi\u0101lu un pied\u0101v\u0101jumu nos\u016bt\u012b\u0161anai (ja esat devis piekri\u0161anu);<br \/>Juridisko saist\u012bbu izpildei un kr\u0101pniec\u012bbas nov\u0113r\u0161anai;<br \/>T\u012bmek\u013ca vietnes un pakalpojumu uzlabo\u0161anai.<br \/>4. Kam m\u0113s izpau\u017eam j\u016bsu datus?<\/p>\n<p>M\u0113s varam nodot j\u016bsu datus \u0161\u0101d\u0101m tre\u0161aj\u0101m pus\u0113m:<\/p>\n<p>Pakalpojumu sniedz\u0113jiem, kas nodro\u0161ina IT, maks\u0101jumu vai klientu atbalsta pakalpojumus;<br \/>Juridiskaj\u0101m iest\u0101d\u0113m, ja to pieprasa likums;<br \/>Citos gad\u012bjumos tikai ar j\u016bsu piekri\u0161anu.<br \/>5. Cik ilgi m\u0113s glab\u0101jam j\u016bsu datus?<\/p>\n<p>M\u0113s glab\u0101jam j\u016bsu personas datus tik ilgi, cik nepiecie\u0161ams, lai sasniegtu iepriek\u0161 min\u0113tos m\u0113r\u0137us, vai saska\u0146\u0101 ar normat\u012bvo aktu pras\u012bb\u0101m.<\/p>\n<p>6. J\u016bsu ties\u012bbas<\/p>\n<p>Jums ir \u0161\u0101das ties\u012bbas attiec\u012bb\u0101 uz j\u016bsu personas datiem:<\/p>\n<p>Piepras\u012bt piek\u013cuvi saviem datiem un to kopiju;<br \/>Piepras\u012bt datu labo\u0161anu vai dz\u0113\u0161anu;<br \/>Atsaukt savu piekri\u0161anu datu apstr\u0101dei;<br \/>Iebilst pret datu apstr\u0101di tie\u0161\u0101 m\u0101rketinga nol\u016bkos;<br \/>Piepras\u012bt datu p\u0101rnesam\u012bbu citai organiz\u0101cijai.<br \/>Lai izmantotu savas ties\u012bbas, l\u016bdzu, sazinieties ar mums pa e-pastu: info@koptikapi.lv.<\/p>\n<p>7. S\u012bkdat\u0146u izmanto\u0161ana<\/p>\n<p>M\u0113s izmantojam s\u012bkfailus, lai uzlabotu vietnes funkcionalit\u0101ti un piel\u0101gotu saturu lietot\u0101jiem. S\u012bkdat\u0146u izmanto\u0161anu varat p\u0101rvald\u012bt p\u0101rl\u016bkprogrammas iestat\u012bjumos.<\/p>\n<p>8. Izmai\u0146as priv\u0101tuma politik\u0101<\/p>\n<p>M\u0113s paturam ties\u012bbas jebkur\u0101 laik\u0101 main\u012bt \u0161o priv\u0101tuma politiku. Izmai\u0146as st\u0101jas sp\u0113k\u0101 no to public\u0113\u0161anas br\u012b\u017ea m\u016bsu vietn\u0113.<\/p>\n<p>P\u0113d\u0113j\u0101s izmai\u0146as veikta: [datums]<\/p>\n<p>Ja jums ir jaut\u0101jumi par \u0161o politiku, l\u016bdzu, sazinieties ar mums pa e-pastu: info@koptikapi.lv.<\/p>\n<p>\u041f\u043e\u043b\u0438\u0442\u0438\u043a\u0430 \u043a\u043e\u043d\u0444\u0438\u0434\u0435\u043d\u0446\u0438\u0430\u043b\u044c\u043d\u043e\u0441\u0442\u0438<\/p>\n<p>\u041e\u0431\u0449\u0438\u0435 \u043f\u043e\u043b\u043e\u0436\u0435\u043d\u0438\u044f<br \/>\u0414\u0430\u043d\u043d\u0430\u044f \u043f\u043e\u043b\u0438\u0442\u0438\u043a\u0430 \u043a\u043e\u043d\u0444\u0438\u0434\u0435\u043d\u0446\u0438\u0430\u043b\u044c\u043d\u043e\u0441\u0442\u0438 \u043e\u043f\u0440\u0435\u0434\u0435\u043b\u044f\u0435\u0442, \u043a\u0430\u043a SIA &#8220;TUS&#8221; (\u0434\u0430\u043b\u0435\u0435 \u2013 &#8220;\u043c\u044b&#8221;, &#8220;\u043d\u0430\u0448&#8221; \u0438\u043b\u0438 &#8220;\u043a\u043e\u043c\u043f\u0430\u043d\u0438\u044f&#8221;) \u043e\u0431\u0440\u0430\u0431\u0430\u0442\u044b\u0432\u0430\u0435\u0442 \u0438 \u0437\u0430\u0449\u0438\u0449\u0430\u0435\u0442 \u0432\u0430\u0448\u0438 \u043f\u0435\u0440\u0441\u043e\u043d\u0430\u043b\u044c\u043d\u044b\u0435 \u0434\u0430\u043d\u043d\u044b\u0435 \u043f\u0440\u0438 \u0438\u0441\u043f\u043e\u043b\u044c\u0437\u043e\u0432\u0430\u043d\u0438\u0438 \u043d\u0430\u0448\u0435\u0433\u043e \u0432\u0435\u0431-\u0441\u0430\u0439\u0442\u0430 www.koptikapi.lv \u0438 \u0441\u0432\u044f\u0437\u0430\u043d\u043d\u044b\u0445 \u0441 \u043d\u0438\u043c \u0443\u0441\u043b\u0443\u0433.<\/p>\n<p>\u041c\u044b \u043e\u0431\u044f\u0437\u0443\u0435\u043c\u0441\u044f \u043e\u0431\u0435\u0441\u043f\u0435\u0447\u0438\u0432\u0430\u0442\u044c \u0431\u0435\u0437\u043e\u043f\u0430\u0441\u043d\u043e\u0441\u0442\u044c \u0432\u0430\u0448\u0438\u0445 \u043f\u0435\u0440\u0441\u043e\u043d\u0430\u043b\u044c\u043d\u044b\u0445 \u0434\u0430\u043d\u043d\u044b\u0445 \u0438 \u0441\u043e\u0431\u043b\u044e\u0434\u0430\u0442\u044c \u0434\u0435\u0439\u0441\u0442\u0432\u0443\u044e\u0449\u0438\u0435 \u0437\u0430\u043a\u043e\u043d\u044b \u043e \u0437\u0430\u0449\u0438\u0442\u0435 \u0434\u0430\u043d\u043d\u044b\u0445, \u0432\u043a\u043b\u044e\u0447\u0430\u044f \u0420\u0435\u0433\u043b\u0430\u043c\u0435\u043d\u0442 (\u0415\u0421) 2016\/679 \u0415\u0432\u0440\u043e\u043f\u0435\u0439\u0441\u043a\u043e\u0433\u043e \u043f\u0430\u0440\u043b\u0430\u043c\u0435\u043d\u0442\u0430 \u0438 \u0421\u043e\u0432\u0435\u0442\u0430 (\u041e\u0431\u0449\u0438\u0439 \u0440\u0435\u0433\u043b\u0430\u043c\u0435\u043d\u0442 \u043f\u043e \u0437\u0430\u0449\u0438\u0442\u0435 \u0434\u0430\u043d\u043d\u044b\u0445, GDPR).<\/p>\n<p>\u041a\u0430\u043a\u0438\u0435 \u0434\u0430\u043d\u043d\u044b\u0435 \u043c\u044b \u0441\u043e\u0431\u0438\u0440\u0430\u0435\u043c?<br \/>\u041c\u044b \u043c\u043e\u0436\u0435\u043c \u0441\u043e\u0431\u0438\u0440\u0430\u0442\u044c \u0438 \u043e\u0431\u0440\u0430\u0431\u0430\u0442\u044b\u0432\u0430\u0442\u044c \u0441\u043b\u0435\u0434\u0443\u044e\u0449\u0438\u0435 \u043f\u0435\u0440\u0441\u043e\u043d\u0430\u043b\u044c\u043d\u044b\u0435 \u0434\u0430\u043d\u043d\u044b\u0435:<\/p>\n<p>\u0418\u0434\u0435\u043d\u0442\u0438\u0444\u0438\u043a\u0430\u0446\u0438\u043e\u043d\u043d\u044b\u0435 \u0434\u0430\u043d\u043d\u044b\u0435 (\u0438\u043c\u044f, \u0444\u0430\u043c\u0438\u043b\u0438\u044f, \u0438\u043c\u044f \u043f\u043e\u043b\u044c\u0437\u043e\u0432\u0430\u0442\u0435\u043b\u044f, \u0434\u0430\u0442\u0430 \u0440\u043e\u0436\u0434\u0435\u043d\u0438\u044f);<br \/>\u041a\u043e\u043d\u0442\u0430\u043a\u0442\u043d\u044b\u0435 \u0434\u0430\u043d\u043d\u044b\u0435 (\u0430\u0434\u0440\u0435\u0441 \u044d\u043b\u0435\u043a\u0442\u0440\u043e\u043d\u043d\u043e\u0439 \u043f\u043e\u0447\u0442\u044b, \u043d\u043e\u043c\u0435\u0440 \u0442\u0435\u043b\u0435\u0444\u043e\u043d\u0430, \u0430\u0434\u0440\u0435\u0441);<br \/>\u041f\u043b\u0430\u0442\u0435\u0436\u043d\u0430\u044f \u0438\u043d\u0444\u043e\u0440\u043c\u0430\u0446\u0438\u044f (\u0431\u0430\u043d\u043a\u043e\u0432\u0441\u043a\u0438\u0435 \u0440\u0435\u043a\u0432\u0438\u0437\u0438\u0442\u044b, \u0438\u0441\u0442\u043e\u0440\u0438\u044f \u043f\u043b\u0430\u0442\u0435\u0436\u0435\u0439);<br \/>\u0422\u0435\u0445\u043d\u0438\u0447\u0435\u0441\u043a\u0438\u0435 \u0434\u0430\u043d\u043d\u044b\u0435 (IP-\u0430\u0434\u0440\u0435\u0441, \u0442\u0438\u043f \u0431\u0440\u0430\u0443\u0437\u0435\u0440\u0430, \u0434\u0430\u043d\u043d\u044b\u0435 cookie, \u0438\u043d\u0444\u043e\u0440\u043c\u0430\u0446\u0438\u044f \u043e\u0431 \u0443\u0441\u0442\u0440\u043e\u0439\u0441\u0442\u0432\u0435);<br \/>\u0414\u0440\u0443\u0433\u0438\u0435 \u0434\u0430\u043d\u043d\u044b\u0435, \u043a\u043e\u0442\u043e\u0440\u044b\u0435 \u0432\u044b \u043f\u0440\u0435\u0434\u043e\u0441\u0442\u0430\u0432\u043b\u044f\u0435\u0442\u0435 \u043d\u0430\u043c \u043f\u0440\u0438 \u043e\u0431\u0440\u0430\u0449\u0435\u043d\u0438\u0438 \u0438\u043b\u0438 \u0438\u0441\u043f\u043e\u043b\u044c\u0437\u043e\u0432\u0430\u043d\u0438\u0438 \u043d\u0430\u0448\u0438\u0445 \u0443\u0441\u043b\u0443\u0433.<br \/>\u041a\u0430\u043a \u043c\u044b \u0438\u0441\u043f\u043e\u043b\u044c\u0437\u0443\u0435\u043c \u0432\u0430\u0448\u0438 \u0434\u0430\u043d\u043d\u044b\u0435?<br \/>\u041c\u044b \u043e\u0431\u0440\u0430\u0431\u0430\u0442\u044b\u0432\u0430\u0435\u043c \u0432\u0430\u0448\u0438 \u043f\u0435\u0440\u0441\u043e\u043d\u0430\u043b\u044c\u043d\u044b\u0435 \u0434\u0430\u043d\u043d\u044b\u0435 \u0432 \u0441\u043b\u0435\u0434\u0443\u044e\u0449\u0438\u0445 \u0446\u0435\u043b\u044f\u0445:<\/p>\n<p>\u041f\u0440\u0435\u0434\u043e\u0441\u0442\u0430\u0432\u043b\u0435\u043d\u0438\u0435 \u0443\u0441\u043b\u0443\u0433 \u0438 \u0443\u043f\u0440\u0430\u0432\u043b\u0435\u043d\u0438\u0435 \u0443\u0447\u0435\u0442\u043d\u044b\u043c\u0438 \u0437\u0430\u043f\u0438\u0441\u044f\u043c\u0438 \u043f\u043e\u043b\u044c\u0437\u043e\u0432\u0430\u0442\u0435\u043b\u0435\u0439;<br \/>\u041e\u0431\u0441\u043b\u0443\u0436\u0438\u0432\u0430\u043d\u0438\u0435 \u043a\u043b\u0438\u0435\u043d\u0442\u043e\u0432 \u0438 \u043a\u043e\u043c\u043c\u0443\u043d\u0438\u043a\u0430\u0446\u0438\u044f \u0441 \u043f\u043e\u043b\u044c\u0437\u043e\u0432\u0430\u0442\u0435\u043b\u044f\u043c\u0438;<br \/>\u041e\u0442\u043f\u0440\u0430\u0432\u043a\u0430 \u043c\u0430\u0440\u043a\u0435\u0442\u0438\u043d\u0433\u043e\u0432\u044b\u0445 \u043c\u0430\u0442\u0435\u0440\u0438\u0430\u043b\u043e\u0432 \u0438 \u043f\u0440\u0435\u0434\u043b\u043e\u0436\u0435\u043d\u0438\u0439 (\u0435\u0441\u043b\u0438 \u0432\u044b \u0434\u0430\u043b\u0438 \u0441\u043e\u0433\u043b\u0430\u0441\u0438\u0435);<br \/>\u0412\u044b\u043f\u043e\u043b\u043d\u0435\u043d\u0438\u0435 \u044e\u0440\u0438\u0434\u0438\u0447\u0435\u0441\u043a\u0438\u0445 \u043e\u0431\u044f\u0437\u0430\u0442\u0435\u043b\u044c\u0441\u0442\u0432 \u0438 \u043f\u0440\u0435\u0434\u043e\u0442\u0432\u0440\u0430\u0449\u0435\u043d\u0438\u0435 \u043c\u043e\u0448\u0435\u043d\u043d\u0438\u0447\u0435\u0441\u0442\u0432\u0430;<br \/>\u0423\u043b\u0443\u0447\u0448\u0435\u043d\u0438\u0435 \u0440\u0430\u0431\u043e\u0442\u044b \u0432\u0435\u0431-\u0441\u0430\u0439\u0442\u0430 \u0438 \u043f\u0440\u0435\u0434\u043e\u0441\u0442\u0430\u0432\u043b\u044f\u0435\u043c\u044b\u0445 \u0443\u0441\u043b\u0443\u0433.<br \/>\u041a\u043e\u043c\u0443 \u043c\u044b \u043f\u0435\u0440\u0435\u0434\u0430\u0435\u043c \u0432\u0430\u0448\u0438 \u0434\u0430\u043d\u043d\u044b\u0435?<br \/>\u041c\u044b \u043c\u043e\u0436\u0435\u043c \u043f\u0435\u0440\u0435\u0434\u0430\u0432\u0430\u0442\u044c \u0432\u0430\u0448\u0438 \u0434\u0430\u043d\u043d\u044b\u0435 \u0441\u043b\u0435\u0434\u0443\u044e\u0449\u0438\u043c \u0442\u0440\u0435\u0442\u044c\u0438\u043c \u0441\u0442\u043e\u0440\u043e\u043d\u0430\u043c:<\/p>\n<p>\u041f\u043e\u0441\u0442\u0430\u0432\u0449\u0438\u043a\u0430\u043c \u0443\u0441\u043b\u0443\u0433, \u043f\u0440\u0435\u0434\u043e\u0441\u0442\u0430\u0432\u043b\u044f\u044e\u0449\u0438\u043c \u0418\u0422, \u043f\u043b\u0430\u0442\u0435\u0436\u043d\u044b\u0435 \u0438\u043b\u0438 \u043a\u043b\u0438\u0435\u043d\u0442\u0441\u043a\u0438\u0435 \u0441\u0435\u0440\u0432\u0438\u0441\u044b;<br \/>\u0413\u043e\u0441\u0443\u0434\u0430\u0440\u0441\u0442\u0432\u0435\u043d\u043d\u044b\u043c \u043e\u0440\u0433\u0430\u043d\u0430\u043c, \u0435\u0441\u043b\u0438 \u044d\u0442\u043e \u0442\u0440\u0435\u0431\u0443\u0435\u0442\u0441\u044f \u043f\u043e \u0437\u0430\u043a\u043e\u043d\u0443;<br \/>\u0412 \u0434\u0440\u0443\u0433\u0438\u0445 \u0441\u043b\u0443\u0447\u0430\u044f\u0445 \u2013 \u0442\u043e\u043b\u044c\u043a\u043e \u0441 \u0432\u0430\u0448\u0435\u0433\u043e \u0441\u043e\u0433\u043b\u0430\u0441\u0438\u044f.<br \/>\u041a\u0430\u043a \u0434\u043e\u043b\u0433\u043e \u043c\u044b \u0445\u0440\u0430\u043d\u0438\u043c \u0432\u0430\u0448\u0438 \u0434\u0430\u043d\u043d\u044b\u0435?<br \/>\u041c\u044b \u0445\u0440\u0430\u043d\u0438\u043c \u0432\u0430\u0448\u0438 \u043f\u0435\u0440\u0441\u043e\u043d\u0430\u043b\u044c\u043d\u044b\u0435 \u0434\u0430\u043d\u043d\u044b\u0435 \u0441\u0442\u043e\u043b\u044c\u043a\u043e, \u0441\u043a\u043e\u043b\u044c\u043a\u043e \u043d\u0435\u043e\u0431\u0445\u043e\u0434\u0438\u043c\u043e \u0434\u043b\u044f \u0434\u043e\u0441\u0442\u0438\u0436\u0435\u043d\u0438\u044f \u0432\u044b\u0448\u0435\u0443\u043a\u0430\u0437\u0430\u043d\u043d\u044b\u0445 \u0446\u0435\u043b\u0435\u0439 \u0438\u043b\u0438 \u0432 \u0441\u043e\u043e\u0442\u0432\u0435\u0442\u0441\u0442\u0432\u0438\u0438 \u0441 \u0442\u0440\u0435\u0431\u043e\u0432\u0430\u043d\u0438\u044f\u043c\u0438 \u0437\u0430\u043a\u043e\u043d\u043e\u0434\u0430\u0442\u0435\u043b\u044c\u0441\u0442\u0432\u0430.<\/p>\n<p>\u0412\u0430\u0448\u0438 \u043f\u0440\u0430\u0432\u0430<br \/>\u0412\u044b \u0438\u043c\u0435\u0435\u0442\u0435 \u0441\u043b\u0435\u0434\u0443\u044e\u0449\u0438\u0435 \u043f\u0440\u0430\u0432\u0430 \u0432 \u043e\u0442\u043d\u043e\u0448\u0435\u043d\u0438\u0438 \u0432\u0430\u0448\u0438\u0445 \u043f\u0435\u0440\u0441\u043e\u043d\u0430\u043b\u044c\u043d\u044b\u0445 \u0434\u0430\u043d\u043d\u044b\u0445:<\/p>\n<p>\u0417\u0430\u043f\u0440\u043e\u0441\u0438\u0442\u044c \u0434\u043e\u0441\u0442\u0443\u043f \u043a \u0441\u0432\u043e\u0438\u043c \u0434\u0430\u043d\u043d\u044b\u043c \u0438 \u0438\u0445 \u043a\u043e\u043f\u0438\u044e;<br \/>\u0417\u0430\u043f\u0440\u043e\u0441\u0438\u0442\u044c \u0438\u0441\u043f\u0440\u0430\u0432\u043b\u0435\u043d\u0438\u0435 \u0438\u043b\u0438 \u0443\u0434\u0430\u043b\u0435\u043d\u0438\u0435 \u0434\u0430\u043d\u043d\u044b\u0445;<br \/>\u041e\u0442\u043e\u0437\u0432\u0430\u0442\u044c \u0441\u0432\u043e\u0435 \u0441\u043e\u0433\u043b\u0430\u0441\u0438\u0435 \u043d\u0430 \u043e\u0431\u0440\u0430\u0431\u043e\u0442\u043a\u0443 \u0434\u0430\u043d\u043d\u044b\u0445;<br \/>\u0412\u043e\u0437\u0440\u0430\u0436\u0430\u0442\u044c \u043f\u0440\u043e\u0442\u0438\u0432 \u043e\u0431\u0440\u0430\u0431\u043e\u0442\u043a\u0438 \u0434\u0430\u043d\u043d\u044b\u0445 \u0432 \u0446\u0435\u043b\u044f\u0445 \u043f\u0440\u044f\u043c\u043e\u0433\u043e \u043c\u0430\u0440\u043a\u0435\u0442\u0438\u043d\u0433\u0430;<br \/>\u0417\u0430\u043f\u0440\u043e\u0441\u0438\u0442\u044c \u043f\u0435\u0440\u0435\u0434\u0430\u0447\u0443 \u0434\u0430\u043d\u043d\u044b\u0445 \u0434\u0440\u0443\u0433\u043e\u0439 \u043e\u0440\u0433\u0430\u043d\u0438\u0437\u0430\u0446\u0438\u0438.<br \/>\u0414\u043b\u044f \u0440\u0435\u0430\u043b\u0438\u0437\u0430\u0446\u0438\u0438 \u0441\u0432\u043e\u0438\u0445 \u043f\u0440\u0430\u0432, \u043f\u043e\u0436\u0430\u043b\u0443\u0439\u0441\u0442\u0430, \u0441\u0432\u044f\u0436\u0438\u0442\u0435\u0441\u044c \u0441 \u043d\u0430\u043c\u0438 \u043f\u043e \u044d\u043b\u0435\u043a\u0442\u0440\u043e\u043d\u043d\u043e\u0439 \u043f\u043e\u0447\u0442\u0435: info@koptikapi.lv.<\/p>\n<p>\u0418\u0441\u043f\u043e\u043b\u044c\u0437\u043e\u0432\u0430\u043d\u0438\u0435 \u0444\u0430\u0439\u043b\u043e\u0432 cookie<br \/>\u041c\u044b \u0438\u0441\u043f\u043e\u043b\u044c\u0437\u0443\u0435\u043c \u0444\u0430\u0439\u043b\u044b cookie \u0434\u043b\u044f \u0443\u043b\u0443\u0447\u0448\u0435\u043d\u0438\u044f \u0444\u0443\u043d\u043a\u0446\u0438\u043e\u043d\u0430\u043b\u044c\u043d\u043e\u0441\u0442\u0438 \u0441\u0430\u0439\u0442\u0430 \u0438 \u043f\u0435\u0440\u0441\u043e\u043d\u0430\u043b\u0438\u0437\u0430\u0446\u0438\u0438 \u043a\u043e\u043d\u0442\u0435\u043d\u0442\u0430 \u0434\u043b\u044f \u043f\u043e\u043b\u044c\u0437\u043e\u0432\u0430\u0442\u0435\u043b\u0435\u0439. \u0423\u043f\u0440\u0430\u0432\u043b\u044f\u0442\u044c \u043d\u0430\u0441\u0442\u0440\u043e\u0439\u043a\u0430\u043c\u0438 \u0444\u0430\u0439\u043b\u043e\u0432 cookie \u043c\u043e\u0436\u043d\u043e \u0432 \u043f\u0430\u0440\u0430\u043c\u0435\u0442\u0440\u0430\u0445 \u0431\u0440\u0430\u0443\u0437\u0435\u0440\u0430.<\/p>\n<p>\u0418\u0437\u043c\u0435\u043d\u0435\u043d\u0438\u044f \u0432 \u043f\u043e\u043b\u0438\u0442\u0438\u043a\u0435 \u043a\u043e\u043d\u0444\u0438\u0434\u0435\u043d\u0446\u0438\u0430\u043b\u044c\u043d\u043e\u0441\u0442\u0438<br \/>\u041c\u044b \u043e\u0441\u0442\u0430\u0432\u043b\u044f\u0435\u043c \u0437\u0430 \u0441\u043e\u0431\u043e\u0439 \u043f\u0440\u0430\u0432\u043e \u0438\u0437\u043c\u0435\u043d\u044f\u0442\u044c \u0434\u0430\u043d\u043d\u0443\u044e \u043f\u043e\u043b\u0438\u0442\u0438\u043a\u0443 \u043a\u043e\u043d\u0444\u0438\u0434\u0435\u043d\u0446\u0438\u0430\u043b\u044c\u043d\u043e\u0441\u0442\u0438 \u0432 \u043b\u044e\u0431\u043e\u0435 \u0432\u0440\u0435\u043c\u044f. \u0418\u0437\u043c\u0435\u043d\u0435\u043d\u0438\u044f \u0432\u0441\u0442\u0443\u043f\u0430\u044e\u0442 \u0432 \u0441\u0438\u043b\u0443 \u0441 \u043c\u043e\u043c\u0435\u043d\u0442\u0430 \u0438\u0445 \u043f\u0443\u0431\u043b\u0438\u043a\u0430\u0446\u0438\u0438 \u043d\u0430 \u043d\u0430\u0448\u0435\u043c \u0441\u0430\u0439\u0442\u0435.<\/p>\n<p>\u0414\u0430\u0442\u0430 \u043f\u043e\u0441\u043b\u0435\u0434\u043d\u0435\u0433\u043e \u043e\u0431\u043d\u043e\u0432\u043b\u0435\u043d\u0438\u044f: [\u0434\u0430\u0442\u0430]<\/p>\n<p>\u0415\u0441\u043b\u0438 \u0443 \u0432\u0430\u0441 \u0435\u0441\u0442\u044c \u0432\u043e\u043f\u0440\u043e\u0441\u044b \u043f\u043e \u0434\u0430\u043d\u043d\u043e\u0439 \u043f\u043e\u043b\u0438\u0442\u0438\u043a\u0435, \u043f\u043e\u0436\u0430\u043b\u0443\u0439\u0441\u0442\u0430, \u0441\u0432\u044f\u0436\u0438\u0442\u0435\u0441\u044c \u0441 \u043d\u0430\u043c\u0438 \u043f\u043e \u044d\u043b\u0435\u043a\u0442\u0440\u043e\u043d\u043d\u043e\u0439 \u043f\u043e\u0447\u0442\u0435: info@koptikapi.lv.<\/p>\n\n<p>\u00a0<\/p>\t\t\t\t\t\t\t\t<\/div>\n\t\t\t\t\t<\/div>\n\t\t\t\t<\/div>\n\t\t\t\t<\/div>\n\t\t","protected":false},"excerpt":{"rendered":"<p>1. Visp\u0101r\u012bgie noteikumi \u0160\u012b priv\u0101tuma politika nosaka, k\u0101 SIA &#8220;TUS&#8221; (turpm\u0101k \u2013 &#8220;m\u0113s&#8221;, &#8220;m\u016bsu&#8221; vai &#8220;uz\u0146\u0113mums&#8221;) apstr\u0101d\u0101 un aizsarg\u0101 j\u016bsu personas datus, kad izmantojat m\u016bsu t\u012bmek\u013ca vietni www.koptikapi.lv un saist\u012btos pakalpojumus. M\u0113s ap\u0146emamies nodro\u0161in\u0101t j\u016bsu personas datu dro\u0161\u012bbu un iev\u0113rot sp\u0113k\u0101 eso\u0161os datu aizsardz\u012bbas likumus, tostarp Eiropas Parlamenta un Padomes Regulu (ES) 2016\/679 (Visp\u0101r\u012bgo datu [&hellip;]<\/p>\n","protected":false},"author":1,"featured_media":0,"parent":0,"menu_order":0,"comment_status":"closed","ping_status":"open","template":"","meta":{"_acf_changed":false,"footnotes":""},"class_list":["post-3","page","type-page","status-publish","hentry"],"acf":[],"yoast_head":"<!-- This site is optimized with the Yoast SEO plugin v27.3 - https:\/\/yoast.com\/product\/yoast-seo-wordpress\/ -->\n<title>Privacy Policy | Koptikapi.lv - kapu labiek\u0101rto\u0161ana R\u012bg\u0101.<\/title>\n<meta name=\"robots\" content=\"index, follow, max-snippet:-1, max-image-preview:large, max-video-preview:-1\" \/>\n<link rel=\"canonical\" href=\"https:\/\/koptikapi.lv\/ru\/privacy-policy\/\" \/>\n<meta property=\"og:locale\" content=\"ru_RU\" \/>\n<meta property=\"og:type\" content=\"article\" \/>\n<meta property=\"og:title\" content=\"Privacy Policy | Koptikapi.lv - kapu labiek\u0101rto\u0161ana R\u012bg\u0101.\" \/>\n<meta property=\"og:description\" content=\"1. Visp\u0101r\u012bgie noteikumi \u0160\u012b priv\u0101tuma politika nosaka, k\u0101 SIA &#8220;TUS&#8221; (turpm\u0101k \u2013 &#8220;m\u0113s&#8221;, &#8220;m\u016bsu&#8221; vai &#8220;uz\u0146\u0113mums&#8221;) apstr\u0101d\u0101 un aizsarg\u0101 j\u016bsu personas datus, kad izmantojat m\u016bsu t\u012bmek\u013ca vietni www.koptikapi.lv un saist\u012btos pakalpojumus. M\u0113s ap\u0146emamies nodro\u0161in\u0101t j\u016bsu personas datu dro\u0161\u012bbu un iev\u0113rot sp\u0113k\u0101 eso\u0161os datu aizsardz\u012bbas likumus, tostarp Eiropas Parlamenta un Padomes Regulu (ES) 2016\/679 (Visp\u0101r\u012bgo datu [&hellip;]\" \/>\n<meta property=\"og:url\" content=\"https:\/\/koptikapi.lv\/ru\/privacy-policy\/\" \/>\n<meta property=\"og:site_name\" content=\"koptikapi.lv\" \/>\n<meta property=\"article:publisher\" content=\"https:\/\/www.facebook.com\/koptikapi.lv\" \/>\n<meta property=\"article:modified_time\" content=\"2025-03-21T15:13:07+00:00\" \/>\n<meta name=\"twitter:card\" content=\"summary_large_image\" \/>\n<meta name=\"twitter:label1\" content=\"\u041f\u0440\u0438\u043c\u0435\u0440\u043d\u043e\u0435 \u0432\u0440\u0435\u043c\u044f \u0434\u043b\u044f \u0447\u0442\u0435\u043d\u0438\u044f\" \/>\n\t<meta name=\"twitter:data1\" content=\"3 \u043c\u0438\u043d\u0443\u0442\u044b\" \/>\n<!-- \/ Yoast SEO plugin. -->","yoast_head_json":{"title":"Privacy Policy | Koptikapi.lv - kapu labiek\u0101rto\u0161ana R\u012bg\u0101.","robots":{"index":"index","follow":"follow","max-snippet":"max-snippet:-1","max-image-preview":"max-image-preview:large","max-video-preview":"max-video-preview:-1"},"canonical":"https:\/\/koptikapi.lv\/ru\/privacy-policy\/","og_locale":"ru_RU","og_type":"article","og_title":"Privacy Policy | Koptikapi.lv - kapu labiek\u0101rto\u0161ana R\u012bg\u0101.","og_description":"1. Visp\u0101r\u012bgie noteikumi \u0160\u012b priv\u0101tuma politika nosaka, k\u0101 SIA &#8220;TUS&#8221; (turpm\u0101k \u2013 &#8220;m\u0113s&#8221;, &#8220;m\u016bsu&#8221; vai &#8220;uz\u0146\u0113mums&#8221;) apstr\u0101d\u0101 un aizsarg\u0101 j\u016bsu personas datus, kad izmantojat m\u016bsu t\u012bmek\u013ca vietni www.koptikapi.lv un saist\u012btos pakalpojumus. M\u0113s ap\u0146emamies nodro\u0161in\u0101t j\u016bsu personas datu dro\u0161\u012bbu un iev\u0113rot sp\u0113k\u0101 eso\u0161os datu aizsardz\u012bbas likumus, tostarp Eiropas Parlamenta un Padomes Regulu (ES) 2016\/679 (Visp\u0101r\u012bgo datu [&hellip;]","og_url":"https:\/\/koptikapi.lv\/ru\/privacy-policy\/","og_site_name":"koptikapi.lv","article_publisher":"https:\/\/www.facebook.com\/koptikapi.lv","article_modified_time":"2025-03-21T15:13:07+00:00","twitter_card":"summary_large_image","twitter_misc":{"\u041f\u0440\u0438\u043c\u0435\u0440\u043d\u043e\u0435 \u0432\u0440\u0435\u043c\u044f \u0434\u043b\u044f \u0447\u0442\u0435\u043d\u0438\u044f":"3 \u043c\u0438\u043d\u0443\u0442\u044b"},"schema":{"@context":"https:\/\/schema.org","@graph":[{"@type":"WebPage","@id":"https:\/\/koptikapi.lv\/privacy-policy\/","url":"https:\/\/koptikapi.lv\/privacy-policy\/","name":"Privacy Policy | Koptikapi.lv - kapu labiek\u0101rto\u0161ana R\u012bg\u0101.","isPartOf":{"@id":"https:\/\/koptikapi.lv\/#website"},"datePublished":"2024-08-15T11:06:27+00:00","dateModified":"2025-03-21T15:13:07+00:00","breadcrumb":{"@id":"https:\/\/koptikapi.lv\/privacy-policy\/#breadcrumb"},"inLanguage":"ru-RU","potentialAction":[{"@type":"ReadAction","target":["https:\/\/koptikapi.lv\/privacy-policy\/"]}]},{"@type":"BreadcrumbList","@id":"https:\/\/koptikapi.lv\/privacy-policy\/#breadcrumb","itemListElement":[{"@type":"ListItem","position":1,"name":"Home","item":"https:\/\/koptikapi.lv\/"},{"@type":"ListItem","position":2,"name":"Privacy Policy"}]},{"@type":"WebSite","@id":"https:\/\/koptikapi.lv\/#website","url":"https:\/\/koptikapi.lv\/","name":"https:\/\/koptikapi.lv","description":"Koptikapi.lv - kapu labiek\u0101rto\u0161ana R\u012bg\u0101.","publisher":{"@id":"https:\/\/koptikapi.lv\/#organization"},"potentialAction":[{"@type":"SearchAction","target":{"@type":"EntryPoint","urlTemplate":"https:\/\/koptikapi.lv\/?s={search_term_string}"},"query-input":{"@type":"PropertyValueSpecification","valueRequired":true,"valueName":"search_term_string"}}],"inLanguage":"ru-RU"},{"@type":"Organization","@id":"https:\/\/koptikapi.lv\/#organization","name":"Kopti Kapi","url":"https:\/\/koptikapi.lv\/","logo":{"@type":"ImageObject","inLanguage":"ru-RU","@id":"https:\/\/koptikapi.lv\/#\/schema\/logo\/image\/","url":"https:\/\/koptikapi.lv\/wp-content\/uploads\/2024\/08\/Logo-black.svg","contentUrl":"https:\/\/koptikapi.lv\/wp-content\/uploads\/2024\/08\/Logo-black.svg","width":545,"height":311,"caption":"Kopti Kapi"},"image":{"@id":"https:\/\/koptikapi.lv\/#\/schema\/logo\/image\/"},"sameAs":["https:\/\/www.facebook.com\/koptikapi.lv"]}]}},"_links":{"self":[{"href":"https:\/\/koptikapi.lv\/ru\/wp-json\/wp\/v2\/pages\/3","targetHints":{"allow":["GET"]}}],"collection":[{"href":"https:\/\/koptikapi.lv\/ru\/wp-json\/wp\/v2\/pages"}],"about":[{"href":"https:\/\/koptikapi.lv\/ru\/wp-json\/wp\/v2\/types\/page"}],"author":[{"embeddable":true,"href":"https:\/\/koptikapi.lv\/ru\/wp-json\/wp\/v2\/users\/1"}],"replies":[{"embeddable":true,"href":"https:\/\/koptikapi.lv\/ru\/wp-json\/wp\/v2\/comments?post=3"}],"version-history":[{"count":0,"href":"https:\/\/koptikapi.lv\/ru\/wp-json\/wp\/v2\/pages\/3\/revisions"}],"wp:attachment":[{"href":"https:\/\/koptikapi.lv\/ru\/wp-json\/wp\/v2\/media?parent=3"}],"curies":[{"name":"wp","href":"https:\/\/api.w.org\/{rel}","templated":true}]}}